{"id":12601,"date":"2023-11-04T00:13:31","date_gmt":"2023-11-03T23:13:31","guid":{"rendered":"http:\/\/innocentiemangonipiante.it\/chionanthus-virginicus\/"},"modified":"2023-11-06T14:20:38","modified_gmt":"2023-11-06T13:20:38","slug":"chionanthus-virginicus","status":"publish","type":"product","link":"https:\/\/innocentiemangonipiante.it\/fr\/chionanthus-virginicus\/","title":{"rendered":"CHIONANTHUS virginicus"},"content":{"rendered":"<p>Arbuste ou petit arbre caduc avec port \u00e9largi et feuilles vert fonc\u00e9, \u00e9lliptiques jusqu\u2019\u00e0 20 cm de longueur. En \u00e9t\u00e9 il porte des fleurs blanches parfum\u00e9es en \u00e9pis r\u00e9tombants de jusqu\u2019\u00e0 20 cm de longueur, suivies par des petits fruits de couleur bleu-noir. Il pr\u00e9f\u00e8re terre acide.<\/p>\n","protected":false},"excerpt":{"rendered":"<p>Arbuste ou petit arbre caduc avec port \u00e9largi et feuilles vert fonc\u00e9, \u00e9lliptiques jusqu\u2019\u00e0 20 cm de longueur. En \u00e9t\u00e9 il porte des fleurs blanches parfum\u00e9es en \u00e9pis r\u00e9tombants de jusqu\u2019\u00e0 20 cm de longueur, suivies par des petits fruits de couleur bleu-noir. Il pr\u00e9f\u00e8re terre acide.<\/p>\n","protected":false},"featured_media":1721,"template":"","meta":{"_acf_changed":false},"product_brand":[],"product_cat":[8812],"product_tag":[10897],"class_list":{"0":"post-12601","1":"product","2":"type-product","3":"status-publish","4":"has-post-thumbnail","6":"product_cat-arbres-et-arbustes-a-feuilles-caduques","7":"product_tag-naturelle","8":"pa_altezza-massima-300-fr-2","9":"pa_altezza-massima-400-fr","10":"pa_colore-fioritura-blanc","11":"pa_condizionamento-clt-fr","12":"pa_famiglia-oleaceae-fr","13":"pa_genere-chionanthus-fr","14":"pa_origine-origine-delle-piante-u-s-a","15":"pa_periodo-fioritura-aout","16":"pa_periodo-fioritura-juillet","17":"pa_portamento-arrondi","18":"pa_profumo-intense-fr","19":"pa_resistenza-climatica-tres-elevee","20":"pa_resistenza-del-suolo-resistant-au-sol-humide","21":"pa_resistenza-del-suolo-resistant-aux-sols-calcaires","22":"pa_utilizzo-parcs","23":"pa_utilizzo-petits-jardins","25":"first","26":"instock","27":"purchasable","28":"product-type-simple"},"acf":[],"_links":{"self":[{"href":"https:\/\/innocentiemangonipiante.it\/fr\/wp-json\/wp\/v2\/product\/12601","targetHints":{"allow":["GET"]}}],"collection":[{"href":"https:\/\/innocentiemangonipiante.it\/fr\/wp-json\/wp\/v2\/product"}],"about":[{"href":"https:\/\/innocentiemangonipiante.it\/fr\/wp-json\/wp\/v2\/types\/product"}],"wp:featuredmedia":[{"embeddable":true,"href":"https:\/\/innocentiemangonipiante.it\/fr\/wp-json\/wp\/v2\/media\/1721"}],"wp:attachment":[{"href":"https:\/\/innocentiemangonipiante.it\/fr\/wp-json\/wp\/v2\/media?parent=12601"}],"wp:term":[{"taxonomy":"product_brand","embeddable":true,"href":"https:\/\/innocentiemangonipiante.it\/fr\/wp-json\/wp\/v2\/product_brand?post=12601"},{"taxonomy":"product_cat","embeddable":true,"href":"https:\/\/innocentiemangonipiante.it\/fr\/wp-json\/wp\/v2\/product_cat?post=12601"},{"taxonomy":"product_tag","embeddable":true,"href":"https:\/\/innocentiemangonipiante.it\/fr\/wp-json\/wp\/v2\/product_tag?post=12601"}],"curies":[{"name":"wp","href":"https:\/\/api.w.org\/{rel}","templated":true}]}}