{"id":12605,"date":"2023-11-04T00:14:06","date_gmt":"2023-11-03T23:14:06","guid":{"rendered":"http:\/\/innocentiemangonipiante.it\/choisya-x-dewitteana-aztec-pearl\/"},"modified":"2023-11-06T14:20:51","modified_gmt":"2023-11-06T13:20:51","slug":"choisya-x-dewitteana-aztec-pearl","status":"publish","type":"product","link":"https:\/\/innocentiemangonipiante.it\/fr\/choisya-x-dewitteana-aztec-pearl\/","title":{"rendered":"CHOISYA x dewitteana &lsquo;Aztec Pearl&rsquo;"},"content":{"rendered":"<p>Les feuilles vert fonc\u00e9es sont form\u00e9es de 3-5 petites feuilles lin\u00e9aires. Des fleurs blanches avec tons de rose s\u2019\u00e9panouissent \u00e0 la fin de l\u2019\u00e9t\u00e9.<\/p>\n","protected":false},"excerpt":{"rendered":"<p>Les feuilles vert fonc\u00e9es sont form\u00e9es de 3-5 petites feuilles lin\u00e9aires. Des fleurs blanches avec tons de rose s\u2019\u00e9panouissent \u00e0 la fin de l\u2019\u00e9t\u00e9.<\/p>\n","protected":false},"featured_media":1745,"template":"","meta":{"_acf_changed":false},"product_brand":[],"product_cat":[8817],"product_tag":[10897],"class_list":{"0":"post-12605","1":"product","2":"type-product","3":"status-publish","4":"has-post-thumbnail","6":"product_cat-arbres-et-arbustes-persistants","7":"product_tag-naturelle","8":"pa_altezza-massima-200-fr","9":"pa_altezza-massima-300-fr-2","10":"pa_colore-fioritura-blanc","11":"pa_condizionamento-clt-fr","12":"pa_condizionamento-vs-fr","13":"pa_famiglia-rutaceae-fr","14":"pa_genere-choisya-fr","15":"pa_origine-mexique","16":"pa_periodo-fioritura-aout","17":"pa_periodo-fioritura-septembre","18":"pa_portamento-arrondi","19":"pa_profumo-delicat","20":"pa_resistenza-climatica-moyenne-elevee","21":"pa_salinita-resistance-a-la-salinisation","22":"pa_utilizzo-petits-jardins","24":"first","25":"instock","26":"purchasable","27":"product-type-simple"},"acf":[],"_links":{"self":[{"href":"https:\/\/innocentiemangonipiante.it\/fr\/wp-json\/wp\/v2\/product\/12605","targetHints":{"allow":["GET"]}}],"collection":[{"href":"https:\/\/innocentiemangonipiante.it\/fr\/wp-json\/wp\/v2\/product"}],"about":[{"href":"https:\/\/innocentiemangonipiante.it\/fr\/wp-json\/wp\/v2\/types\/product"}],"wp:featuredmedia":[{"embeddable":true,"href":"https:\/\/innocentiemangonipiante.it\/fr\/wp-json\/wp\/v2\/media\/1745"}],"wp:attachment":[{"href":"https:\/\/innocentiemangonipiante.it\/fr\/wp-json\/wp\/v2\/media?parent=12605"}],"wp:term":[{"taxonomy":"product_brand","embeddable":true,"href":"https:\/\/innocentiemangonipiante.it\/fr\/wp-json\/wp\/v2\/product_brand?post=12605"},{"taxonomy":"product_cat","embeddable":true,"href":"https:\/\/innocentiemangonipiante.it\/fr\/wp-json\/wp\/v2\/product_cat?post=12605"},{"taxonomy":"product_tag","embeddable":true,"href":"https:\/\/innocentiemangonipiante.it\/fr\/wp-json\/wp\/v2\/product_tag?post=12605"}],"curies":[{"name":"wp","href":"https:\/\/api.w.org\/{rel}","templated":true}]}}