{"id":12606,"date":"2023-11-04T00:13:45","date_gmt":"2023-11-03T23:13:45","guid":{"rendered":"http:\/\/innocentiemangonipiante.it\/choisya-ternata\/"},"modified":"2023-11-06T14:20:43","modified_gmt":"2023-11-06T13:20:43","slug":"choisya-ternata","status":"publish","type":"product","link":"https:\/\/innocentiemangonipiante.it\/fr\/choisya-ternata\/","title":{"rendered":"CHOISYA ternata"},"content":{"rendered":"<p>\u201cOranger du Mexique\u201d. Arbuste p\u00e9rsistant au port compact avec feuilles vert sombre compos\u00e9es de 3 folioles oviformes d\u2019une longueur de 4-6 cm. Il produit des fleurs blanches d\u2019une largeur allant jusqu\u2019\u00e0 3 cm qui s\u2019\u00e9panouissent \u00e0 la fin du printemps et de nouveau en \u00e9t\u00e9. Les fleurs et les feuilles sont tr\u00e8s parfum\u00e9es.<\/p>\n","protected":false},"excerpt":{"rendered":"<p>\u201cOranger du Mexique\u201d. Arbuste p\u00e9rsistant au port compact avec feuilles vert sombre compos\u00e9es de 3 folioles oviformes d\u2019une longueur de 4-6 cm. Il produit des fleurs blanches d\u2019une largeur allant jusqu\u2019\u00e0 3 cm qui s\u2019\u00e9panouissent \u00e0 la fin du printemps et de nouveau en \u00e9t\u00e9. Les fleurs et les feuilles sont tr\u00e8s parfum\u00e9es.<\/p>\n","protected":false},"featured_media":1733,"template":"","meta":{"_acf_changed":false},"product_brand":[],"product_cat":[8817],"product_tag":[10897],"class_list":{"0":"post-12606","1":"product","2":"type-product","3":"status-publish","4":"has-post-thumbnail","6":"product_cat-arbres-et-arbustes-persistants","7":"product_tag-naturelle","8":"pa_altezza-massima-200-fr","9":"pa_altezza-massima-300-fr-2","10":"pa_colore-fioritura-blanc","11":"pa_condizionamento-clt-fr","12":"pa_condizionamento-vs-fr","13":"pa_famiglia-rutaceae-fr","14":"pa_genere-choisya-fr","15":"pa_origine-mexique","16":"pa_periodo-fioritura-aout","17":"pa_periodo-fioritura-juillet","18":"pa_periodo-fioritura-juin","19":"pa_periodo-fioritura-mai","20":"pa_portamento-arrondi","21":"pa_profumo-delicat","22":"pa_resistenza-climatica-moyenne-elevee","23":"pa_salinita-resistance-a-la-salinisation","24":"pa_utilizzo-petits-jardins","26":"first","27":"instock","28":"purchasable","29":"product-type-simple"},"acf":[],"_links":{"self":[{"href":"https:\/\/innocentiemangonipiante.it\/fr\/wp-json\/wp\/v2\/product\/12606","targetHints":{"allow":["GET"]}}],"collection":[{"href":"https:\/\/innocentiemangonipiante.it\/fr\/wp-json\/wp\/v2\/product"}],"about":[{"href":"https:\/\/innocentiemangonipiante.it\/fr\/wp-json\/wp\/v2\/types\/product"}],"wp:featuredmedia":[{"embeddable":true,"href":"https:\/\/innocentiemangonipiante.it\/fr\/wp-json\/wp\/v2\/media\/1733"}],"wp:attachment":[{"href":"https:\/\/innocentiemangonipiante.it\/fr\/wp-json\/wp\/v2\/media?parent=12606"}],"wp:term":[{"taxonomy":"product_brand","embeddable":true,"href":"https:\/\/innocentiemangonipiante.it\/fr\/wp-json\/wp\/v2\/product_brand?post=12606"},{"taxonomy":"product_cat","embeddable":true,"href":"https:\/\/innocentiemangonipiante.it\/fr\/wp-json\/wp\/v2\/product_cat?post=12606"},{"taxonomy":"product_tag","embeddable":true,"href":"https:\/\/innocentiemangonipiante.it\/fr\/wp-json\/wp\/v2\/product_tag?post=12606"}],"curies":[{"name":"wp","href":"https:\/\/api.w.org\/{rel}","templated":true}]}}