{"id":12608,"date":"2023-11-04T00:14:25","date_gmt":"2023-11-03T23:14:25","guid":{"rendered":"http:\/\/innocentiemangonipiante.it\/cinnamomum-camphora\/"},"modified":"2023-11-06T14:20:59","modified_gmt":"2023-11-06T13:20:59","slug":"cinnamomum-camphora","status":"publish","type":"product","link":"https:\/\/innocentiemangonipiante.it\/fr\/cinnamomum-camphora\/","title":{"rendered":"CINNAMOMUM camphora"},"content":{"rendered":"<p>\u201cCamphrier\u201d. Arbre ou grand arbuste persistant au port ample. Les feuilles sont ov\u00e9es, avec des nervures apparentes, bronz\u00e9es \u00e0 l\u2019\u00e9tat jeune, de vert \u00e0 vert fonc\u00e9 ensuite, luisantes et d\u2019une longueur allant jusqu\u2019\u00e0 10 cm. Du printemps jusqu\u2019\u00e0 l\u2019\u00e9t\u00e9, petites fleurs jaunes, en coupe, r\u00e9unies en trochets de 5-7 \u00e9l\u00e9ments et remplac\u00e9es par des fruits noirs en forme de baie.<\/p>\n","protected":false},"excerpt":{"rendered":"<p>\u201cCamphrier\u201d. Arbre ou grand arbuste persistant au port ample. Les feuilles sont ov\u00e9es, avec des nervures apparentes, bronz\u00e9es \u00e0 l\u2019\u00e9tat jeune, de vert \u00e0 vert fonc\u00e9 ensuite, luisantes et d\u2019une longueur allant jusqu\u2019\u00e0 10 cm. Du printemps jusqu\u2019\u00e0 l\u2019\u00e9t\u00e9, petites fleurs jaunes, en coupe, r\u00e9unies en trochets de 5-7 \u00e9l\u00e9ments et remplac\u00e9es par des fruits [&hellip;]<\/p>\n","protected":false},"featured_media":1763,"template":"","meta":{"_acf_changed":false},"product_brand":[],"product_cat":[8817,9230],"product_tag":[10897,8497,8400],"class_list":{"0":"post-12608","1":"product","2":"type-product","3":"status-publish","4":"has-post-thumbnail","6":"product_cat-arbres-et-arbustes-persistants","7":"product_cat-arbres-et-plantes-du-futur","8":"product_tag-naturelle","9":"product_tag-cepee-remontee","10":"product_tag-tige","11":"pa_altezza-massima-15-metres","12":"pa_altezza-massima-25-metres","13":"pa_colore-fioritura-jaune","14":"pa_condizionamento-clt-fr","15":"pa_condizionamento-vs-fr","16":"pa_famiglia-lauraceae-fr","17":"pa_genere-cinnamomum-fr","18":"pa_origine-asie-orientale","19":"pa_periodo-fioritura-avril","20":"pa_periodo-fioritura-juillet","21":"pa_periodo-fioritura-juin","22":"pa_periodo-fioritura-mai","23":"pa_periodo-fruttificazione-septembre","24":"pa_portamento-arrondi","25":"pa_resistenza-climatica-moyenne","26":"pa_resistenza-del-suolo-resistant-aux-sols-secs","27":"pa_utilizzo-parcs","29":"first","30":"instock","31":"purchasable","32":"product-type-simple"},"acf":[],"_links":{"self":[{"href":"https:\/\/innocentiemangonipiante.it\/fr\/wp-json\/wp\/v2\/product\/12608","targetHints":{"allow":["GET"]}}],"collection":[{"href":"https:\/\/innocentiemangonipiante.it\/fr\/wp-json\/wp\/v2\/product"}],"about":[{"href":"https:\/\/innocentiemangonipiante.it\/fr\/wp-json\/wp\/v2\/types\/product"}],"wp:featuredmedia":[{"embeddable":true,"href":"https:\/\/innocentiemangonipiante.it\/fr\/wp-json\/wp\/v2\/media\/1763"}],"wp:attachment":[{"href":"https:\/\/innocentiemangonipiante.it\/fr\/wp-json\/wp\/v2\/media?parent=12608"}],"wp:term":[{"taxonomy":"product_brand","embeddable":true,"href":"https:\/\/innocentiemangonipiante.it\/fr\/wp-json\/wp\/v2\/product_brand?post=12608"},{"taxonomy":"product_cat","embeddable":true,"href":"https:\/\/innocentiemangonipiante.it\/fr\/wp-json\/wp\/v2\/product_cat?post=12608"},{"taxonomy":"product_tag","embeddable":true,"href":"https:\/\/innocentiemangonipiante.it\/fr\/wp-json\/wp\/v2\/product_tag?post=12608"}],"curies":[{"name":"wp","href":"https:\/\/api.w.org\/{rel}","templated":true}]}}