{"id":12609,"date":"2023-11-04T00:14:50","date_gmt":"2023-11-03T23:14:50","guid":{"rendered":"http:\/\/innocentiemangonipiante.it\/cistus-in-varieta\/"},"modified":"2023-11-06T14:21:10","modified_gmt":"2023-11-06T13:21:10","slug":"cistus-in-varieta","status":"publish","type":"product","link":"https:\/\/innocentiemangonipiante.it\/fr\/cistus-in-varieta\/","title":{"rendered":"CISTUS in variet\u00e0"},"content":{"rendered":"<p>Genre d\u2019environ 20 esp\u00e8ces d\u2019arbustes persistants aux fleurs magnifiques, habituellement \u00e0 5 p\u00e9tales ils fleurissent au d\u00e9but de l\u2019\u00e9t\u00e9 dans un \u00e9ventail de couleurs. Adapt\u00e9s surtout pour les bordures en plein soleil.<\/p>\n","protected":false},"excerpt":{"rendered":"<p>Genre d\u2019environ 20 esp\u00e8ces d\u2019arbustes persistants aux fleurs magnifiques, habituellement \u00e0 5 p\u00e9tales ils fleurissent au d\u00e9but de l\u2019\u00e9t\u00e9 dans un \u00e9ventail de couleurs. Adapt\u00e9s surtout pour les bordures en plein soleil.<\/p>\n","protected":false},"featured_media":1769,"template":"","meta":{"_acf_changed":false},"product_brand":[],"product_cat":[8817],"product_tag":[10897],"class_list":{"0":"post-12609","1":"product","2":"type-product","3":"status-publish","4":"has-post-thumbnail","6":"product_cat-arbres-et-arbustes-persistants","7":"product_tag-naturelle","8":"pa_altezza-massima-100-fr","9":"pa_altezza-massima-150-fr","10":"pa_condizionamento-clt-fr","11":"pa_famiglia-cistaceae-fr","12":"pa_genere-cistus-fr","13":"pa_origine-afrique-du-nord","14":"pa_portamento-arrondi","15":"pa_profumo-delicat","16":"pa_resistenza-climatica-moyenne-elevee","17":"pa_resistenza-del-suolo-resistant-aux-sols-calcaires","18":"pa_resistenza-del-suolo-resistant-aux-sols-secs","19":"pa_salinita-resistance-a-la-salinisation","20":"pa_utilizzo-balcons","21":"pa_utilizzo-bordures","22":"pa_utilizzo-petits-jardins","24":"first","25":"instock","26":"purchasable","27":"product-type-simple"},"acf":[],"_links":{"self":[{"href":"https:\/\/innocentiemangonipiante.it\/fr\/wp-json\/wp\/v2\/product\/12609","targetHints":{"allow":["GET"]}}],"collection":[{"href":"https:\/\/innocentiemangonipiante.it\/fr\/wp-json\/wp\/v2\/product"}],"about":[{"href":"https:\/\/innocentiemangonipiante.it\/fr\/wp-json\/wp\/v2\/types\/product"}],"wp:featuredmedia":[{"embeddable":true,"href":"https:\/\/innocentiemangonipiante.it\/fr\/wp-json\/wp\/v2\/media\/1769"}],"wp:attachment":[{"href":"https:\/\/innocentiemangonipiante.it\/fr\/wp-json\/wp\/v2\/media?parent=12609"}],"wp:term":[{"taxonomy":"product_brand","embeddable":true,"href":"https:\/\/innocentiemangonipiante.it\/fr\/wp-json\/wp\/v2\/product_brand?post=12609"},{"taxonomy":"product_cat","embeddable":true,"href":"https:\/\/innocentiemangonipiante.it\/fr\/wp-json\/wp\/v2\/product_cat?post=12609"},{"taxonomy":"product_tag","embeddable":true,"href":"https:\/\/innocentiemangonipiante.it\/fr\/wp-json\/wp\/v2\/product_tag?post=12609"}],"curies":[{"name":"wp","href":"https:\/\/api.w.org\/{rel}","templated":true}]}}