{"id":12613,"date":"2023-11-04T00:17:57","date_gmt":"2023-11-03T23:17:57","guid":{"rendered":"http:\/\/innocentiemangonipiante.it\/convolvulus-cneorum\/"},"modified":"2023-11-06T14:22:55","modified_gmt":"2023-11-06T13:22:55","slug":"convolvulus-cneorum","status":"publish","type":"product","link":"https:\/\/innocentiemangonipiante.it\/fr\/convolvulus-cneorum\/","title":{"rendered":"CONVOLVULUS cneorum"},"content":{"rendered":"<p>Arbuste compact, arrondi, buissonneux, avec feuilles de couleur vert argent\u00e9 de 3 \u00e0 6 cm de longueur. De la fin printemps \u00e0 l\u2019\u00e9t\u00e9 il produit des fleurs en forme de entonnoir, de couleur blanche avec centre jaune, jusqu\u2019\u00e0 4 cm de largeur.<\/p>\n","protected":false},"excerpt":{"rendered":"<p>Arbuste compact, arrondi, buissonneux, avec feuilles de couleur vert argent\u00e9 de 3 \u00e0 6 cm de longueur. De la fin printemps \u00e0 l\u2019\u00e9t\u00e9 il produit des fleurs en forme de entonnoir, de couleur blanche avec centre jaune, jusqu\u2019\u00e0 4 cm de largeur.<\/p>\n","protected":false},"featured_media":1789,"template":"","meta":{"_acf_changed":false},"product_brand":[],"product_cat":[8817],"product_tag":[10897],"class_list":{"0":"post-12613","1":"product","2":"type-product","3":"status-publish","4":"has-post-thumbnail","6":"product_cat-arbres-et-arbustes-persistants","7":"product_tag-naturelle","8":"pa_altezza-massima-0_50-metres","9":"pa_altezza-massima-0_75-metres","10":"pa_colore-delle-foglie-grises","11":"pa_colore-fioritura-blanc","12":"pa_condizionamento-clt-fr","13":"pa_famiglia-convolvulaceae-fr","14":"pa_genere-convolvulus-fr","15":"pa_origine-europe-mediterraneenne","16":"pa_periodo-fioritura-aout","17":"pa_periodo-fioritura-juillet","18":"pa_periodo-fioritura-juin","19":"pa_periodo-fioritura-mai","20":"pa_portamento-arrondi","21":"pa_resistenza-climatica-moyenne","22":"pa_resistenza-del-suolo-resistant-aux-sols-calcaires","23":"pa_resistenza-del-suolo-resistant-aux-sols-secs","24":"pa_salinita-resistance-a-la-salinisation","25":"pa_utilizzo-balcons","26":"pa_utilizzo-petits-jardins","28":"first","29":"instock","30":"purchasable","31":"product-type-simple"},"acf":[],"_links":{"self":[{"href":"https:\/\/innocentiemangonipiante.it\/fr\/wp-json\/wp\/v2\/product\/12613","targetHints":{"allow":["GET"]}}],"collection":[{"href":"https:\/\/innocentiemangonipiante.it\/fr\/wp-json\/wp\/v2\/product"}],"about":[{"href":"https:\/\/innocentiemangonipiante.it\/fr\/wp-json\/wp\/v2\/types\/product"}],"wp:featuredmedia":[{"embeddable":true,"href":"https:\/\/innocentiemangonipiante.it\/fr\/wp-json\/wp\/v2\/media\/1789"}],"wp:attachment":[{"href":"https:\/\/innocentiemangonipiante.it\/fr\/wp-json\/wp\/v2\/media?parent=12613"}],"wp:term":[{"taxonomy":"product_brand","embeddable":true,"href":"https:\/\/innocentiemangonipiante.it\/fr\/wp-json\/wp\/v2\/product_brand?post=12613"},{"taxonomy":"product_cat","embeddable":true,"href":"https:\/\/innocentiemangonipiante.it\/fr\/wp-json\/wp\/v2\/product_cat?post=12613"},{"taxonomy":"product_tag","embeddable":true,"href":"https:\/\/innocentiemangonipiante.it\/fr\/wp-json\/wp\/v2\/product_tag?post=12613"}],"curies":[{"name":"wp","href":"https:\/\/api.w.org\/{rel}","templated":true}]}}