{"id":12620,"date":"2023-11-04T00:18:13","date_gmt":"2023-11-03T23:18:13","guid":{"rendered":"http:\/\/innocentiemangonipiante.it\/cordyline-australis-atropurpurea\/"},"modified":"2023-11-06T14:23:02","modified_gmt":"2023-11-06T13:23:02","slug":"cordyline-australis-atropurpurea","status":"publish","type":"product","link":"https:\/\/innocentiemangonipiante.it\/fr\/cordyline-australis-atropurpurea\/","title":{"rendered":"CORDYLINE australis &lsquo;Atropurpurea&rsquo;"},"content":{"rendered":"<p>Pr\u00e9sente des feuilles allant du vert-pourpre au pourpre intense. Caract\u00e9ristiques semblables \u00e0 l\u2019esp\u00e8ce type.<\/p>\n","protected":false},"excerpt":{"rendered":"<p>Pr\u00e9sente des feuilles allant du vert-pourpre au pourpre intense. Caract\u00e9ristiques semblables \u00e0 l\u2019esp\u00e8ce type.<\/p>\n","protected":false},"featured_media":1806,"template":"","meta":{"_acf_changed":false},"product_brand":[],"product_cat":[8833],"product_tag":[10897],"class_list":{"0":"post-12620","1":"product","2":"type-product","3":"status-publish","4":"has-post-thumbnail","6":"product_cat-palme-et-succulent","7":"product_tag-naturelle","8":"pa_altezza-massima-300-fr-2","9":"pa_altezza-massima-500-fr","10":"pa_colore-delle-foglie-panachees","11":"pa_colore-fioritura-blanc","12":"pa_famiglia-agavaceae-fr","13":"pa_genere-cordyline-fr","14":"pa_origine-nouvelle-zelande-fr","15":"pa_periodo-fioritura-avril","16":"pa_periodo-fioritura-mars","17":"pa_portamento-eretto-fr","18":"pa_resistenza-climatica-moyenne","19":"pa_resistenza-del-suolo-resistant-aux-sols-calcaires","20":"pa_resistenza-del-suolo-resistant-aux-sols-secs","21":"pa_utilizzo-parcs","22":"pa_utilizzo-petits-jardins","24":"first","25":"instock","26":"purchasable","27":"product-type-simple"},"acf":[],"_links":{"self":[{"href":"https:\/\/innocentiemangonipiante.it\/fr\/wp-json\/wp\/v2\/product\/12620","targetHints":{"allow":["GET"]}}],"collection":[{"href":"https:\/\/innocentiemangonipiante.it\/fr\/wp-json\/wp\/v2\/product"}],"about":[{"href":"https:\/\/innocentiemangonipiante.it\/fr\/wp-json\/wp\/v2\/types\/product"}],"wp:featuredmedia":[{"embeddable":true,"href":"https:\/\/innocentiemangonipiante.it\/fr\/wp-json\/wp\/v2\/media\/1806"}],"wp:attachment":[{"href":"https:\/\/innocentiemangonipiante.it\/fr\/wp-json\/wp\/v2\/media?parent=12620"}],"wp:term":[{"taxonomy":"product_brand","embeddable":true,"href":"https:\/\/innocentiemangonipiante.it\/fr\/wp-json\/wp\/v2\/product_brand?post=12620"},{"taxonomy":"product_cat","embeddable":true,"href":"https:\/\/innocentiemangonipiante.it\/fr\/wp-json\/wp\/v2\/product_cat?post=12620"},{"taxonomy":"product_tag","embeddable":true,"href":"https:\/\/innocentiemangonipiante.it\/fr\/wp-json\/wp\/v2\/product_tag?post=12620"}],"curies":[{"name":"wp","href":"https:\/\/api.w.org\/{rel}","templated":true}]}}