{"id":12621,"date":"2023-11-04T00:18:06","date_gmt":"2023-11-03T23:18:06","guid":{"rendered":"http:\/\/innocentiemangonipiante.it\/cordyline-australis\/"},"modified":"2023-11-06T14:22:57","modified_gmt":"2023-11-06T13:22:57","slug":"cordyline-australis","status":"publish","type":"product","link":"https:\/\/innocentiemangonipiante.it\/fr\/cordyline-australis\/","title":{"rendered":"CORDYLINE australis"},"content":{"rendered":"<p>Arbre \u00e9rig\u00e9, persistant, semblable \u00e0 un palmier. Les feuilles recourb\u00e9es, de lanc\u00e9ol\u00e9es \u00e0 lin\u00e9aires, souvent retombantes, d\u2019une longueur de 40 \u00e0 80 cm, sont de couleur verte \u00e0 vert clair. Elles poussent et se d\u00e9veloppent de fa\u00e7on circulaire \u00e0 l\u2019int\u00e9rieur des branches charpenti\u00e8res. Il donne des panicules de petites fleurs blanc cr\u00e8me d\u2019une longueur de 80 \u00e0 90 cm en \u00e9t\u00e9.<\/p>\n","protected":false},"excerpt":{"rendered":"<p>Arbre \u00e9rig\u00e9, persistant, semblable \u00e0 un palmier. Les feuilles recourb\u00e9es, de lanc\u00e9ol\u00e9es \u00e0 lin\u00e9aires, souvent retombantes, d\u2019une longueur de 40 \u00e0 80 cm, sont de couleur verte \u00e0 vert clair. Elles poussent et se d\u00e9veloppent de fa\u00e7on circulaire \u00e0 l\u2019int\u00e9rieur des branches charpenti\u00e8res. Il donne des panicules de petites fleurs blanc cr\u00e8me d\u2019une longueur de [&hellip;]<\/p>\n","protected":false},"featured_media":1795,"template":"","meta":{"_acf_changed":false},"product_brand":[],"product_cat":[8833,9230],"product_tag":[10897,8596],"class_list":{"0":"post-12621","1":"product","2":"type-product","3":"status-publish","4":"has-post-thumbnail","6":"product_cat-palme-et-succulent","7":"product_cat-arbres-et-plantes-du-futur","8":"product_tag-naturelle","9":"product_tag-cepee","10":"pa_altezza-massima-800-fr","11":"pa_altezza-massima-1000-fr-2","12":"pa_colore-fioritura-blanc","13":"pa_condizionamento-clt-fr","14":"pa_condizionamento-coupe-fr","15":"pa_condizionamento-vs-fr","16":"pa_famiglia-agavaceae-fr","17":"pa_genere-cordyline-fr","18":"pa_origine-nouvelle-zelande-fr","19":"pa_periodo-fioritura-avril","20":"pa_periodo-fioritura-mars","21":"pa_portamento-eretto-fr","22":"pa_resistenza-climatica-moyenne-elevee","23":"pa_resistenza-del-suolo-resistant-aux-sols-calcaires","24":"pa_resistenza-del-suolo-resistant-aux-sols-secs","25":"pa_salinita-resistance-a-la-salinisation","26":"pa_utilizzo-parcs","27":"pa_utilizzo-petits-jardins","29":"first","30":"instock","31":"purchasable","32":"product-type-simple"},"acf":[],"_links":{"self":[{"href":"https:\/\/innocentiemangonipiante.it\/fr\/wp-json\/wp\/v2\/product\/12621","targetHints":{"allow":["GET"]}}],"collection":[{"href":"https:\/\/innocentiemangonipiante.it\/fr\/wp-json\/wp\/v2\/product"}],"about":[{"href":"https:\/\/innocentiemangonipiante.it\/fr\/wp-json\/wp\/v2\/types\/product"}],"wp:featuredmedia":[{"embeddable":true,"href":"https:\/\/innocentiemangonipiante.it\/fr\/wp-json\/wp\/v2\/media\/1795"}],"wp:attachment":[{"href":"https:\/\/innocentiemangonipiante.it\/fr\/wp-json\/wp\/v2\/media?parent=12621"}],"wp:term":[{"taxonomy":"product_brand","embeddable":true,"href":"https:\/\/innocentiemangonipiante.it\/fr\/wp-json\/wp\/v2\/product_brand?post=12621"},{"taxonomy":"product_cat","embeddable":true,"href":"https:\/\/innocentiemangonipiante.it\/fr\/wp-json\/wp\/v2\/product_cat?post=12621"},{"taxonomy":"product_tag","embeddable":true,"href":"https:\/\/innocentiemangonipiante.it\/fr\/wp-json\/wp\/v2\/product_tag?post=12621"}],"curies":[{"name":"wp","href":"https:\/\/api.w.org\/{rel}","templated":true}]}}