{"id":12623,"date":"2023-11-04T00:26:37","date_gmt":"2023-11-03T23:26:37","guid":{"rendered":"http:\/\/innocentiemangonipiante.it\/cornus-nuttallii\/"},"modified":"2023-11-06T14:26:47","modified_gmt":"2023-11-06T13:26:47","slug":"cornus-nuttallii","status":"publish","type":"product","link":"https:\/\/innocentiemangonipiante.it\/fr\/cornus-nuttallii\/","title":{"rendered":"CORNUS nuttallii"},"content":{"rendered":"<p>Petit arbre avec branches l\u00e9g\u00e8rement pleureuses qui, en mai, produit des fleurs compos\u00e9es de grandes bract\u00e9es blanches. Feuilles vertes qui deviennent d\u2019un rouge intense en automne.<\/p>\n","protected":false},"excerpt":{"rendered":"<p>Petit arbre avec branches l\u00e9g\u00e8rement pleureuses qui, en mai, produit des fleurs compos\u00e9es de grandes bract\u00e9es blanches. Feuilles vertes qui deviennent d\u2019un rouge intense en automne.<\/p>\n","protected":false},"featured_media":0,"template":"","meta":{"_acf_changed":false},"product_brand":[],"product_cat":[8812],"product_tag":[10897],"class_list":{"0":"post-12623","1":"product","2":"type-product","3":"status-publish","5":"product_cat-arbres-et-arbustes-a-feuilles-caduques","6":"product_tag-naturelle","7":"pa_altezza-massima-300-fr-2","8":"pa_altezza-massima-500-fr","9":"pa_colore-fioritura-blanc","10":"pa_condizionamento-clt-fr","11":"pa_famiglia-cornaceae-fr","12":"pa_genere-cornus-fr","13":"pa_origine-origine-delle-piante-u-s-a","14":"pa_periodo-fioritura-avril","15":"pa_periodo-fioritura-mai","16":"pa_periodo-fruttificazione-octobre","17":"pa_portamento-conico-fr","18":"pa_resistenza-climatica-moyenne-elevee","19":"pa_utilizzo-parcs","20":"pa_utilizzo-petits-jardins","22":"first","23":"instock","24":"purchasable","25":"product-type-simple"},"acf":[],"_links":{"self":[{"href":"https:\/\/innocentiemangonipiante.it\/fr\/wp-json\/wp\/v2\/product\/12623","targetHints":{"allow":["GET"]}}],"collection":[{"href":"https:\/\/innocentiemangonipiante.it\/fr\/wp-json\/wp\/v2\/product"}],"about":[{"href":"https:\/\/innocentiemangonipiante.it\/fr\/wp-json\/wp\/v2\/types\/product"}],"wp:attachment":[{"href":"https:\/\/innocentiemangonipiante.it\/fr\/wp-json\/wp\/v2\/media?parent=12623"}],"wp:term":[{"taxonomy":"product_brand","embeddable":true,"href":"https:\/\/innocentiemangonipiante.it\/fr\/wp-json\/wp\/v2\/product_brand?post=12623"},{"taxonomy":"product_cat","embeddable":true,"href":"https:\/\/innocentiemangonipiante.it\/fr\/wp-json\/wp\/v2\/product_cat?post=12623"},{"taxonomy":"product_tag","embeddable":true,"href":"https:\/\/innocentiemangonipiante.it\/fr\/wp-json\/wp\/v2\/product_tag?post=12623"}],"curies":[{"name":"wp","href":"https:\/\/api.w.org\/{rel}","templated":true}]}}