{"id":12625,"date":"2023-11-04T00:27:23","date_gmt":"2023-11-03T23:27:23","guid":{"rendered":"http:\/\/innocentiemangonipiante.it\/cornus-stolonifera-flaviramea\/"},"modified":"2023-11-06T14:27:03","modified_gmt":"2023-11-06T13:27:03","slug":"cornus-stolonifera-flaviramea","status":"publish","type":"product","link":"https:\/\/innocentiemangonipiante.it\/fr\/cornus-stolonifera-flaviramea\/","title":{"rendered":"CORNUS stolonifera &lsquo;Flaviramea&rsquo;"},"content":{"rendered":"<p>Touffe avec feuilles vert vif. Port surplombant et arrondi. \u00c9corce jaune dor\u00e9 tr\u00e8s decorative en hiver, apr\u00e8s la chute du feuillage. S\u00e9lection rustique pas exigente par rapport aux sols et exposition.<\/p>\n","protected":false},"excerpt":{"rendered":"<p>Touffe avec feuilles vert vif. Port surplombant et arrondi. \u00c9corce jaune dor\u00e9 tr\u00e8s decorative en hiver, apr\u00e8s la chute du feuillage. S\u00e9lection rustique pas exigente par rapport aux sols et exposition.<\/p>\n","protected":false},"featured_media":1988,"template":"","meta":{"_acf_changed":false},"product_brand":[],"product_cat":[8812],"product_tag":[10897],"class_list":{"0":"post-12625","1":"product","2":"type-product","3":"status-publish","4":"has-post-thumbnail","6":"product_cat-arbres-et-arbustes-a-feuilles-caduques","7":"product_tag-naturelle","8":"pa_altezza-massima-200-fr","9":"pa_altezza-massima-400-fr","10":"pa_colore-fioritura-blanc","11":"pa_condizionamento-clt-fr","12":"pa_famiglia-cornaceae-fr","13":"pa_genere-cornus-fr","14":"pa_origine-origine-delle-piante-u-s-a","15":"pa_periodo-fioritura-avril","16":"pa_periodo-fioritura-mai","17":"pa_portamento-cespuglioso-fr","18":"pa_resistenza-climatica-tres-elevee","19":"pa_utilizzo-parcs","20":"pa_utilizzo-petits-jardins","22":"first","23":"instock","24":"purchasable","25":"product-type-simple"},"acf":[],"_links":{"self":[{"href":"https:\/\/innocentiemangonipiante.it\/fr\/wp-json\/wp\/v2\/product\/12625","targetHints":{"allow":["GET"]}}],"collection":[{"href":"https:\/\/innocentiemangonipiante.it\/fr\/wp-json\/wp\/v2\/product"}],"about":[{"href":"https:\/\/innocentiemangonipiante.it\/fr\/wp-json\/wp\/v2\/types\/product"}],"wp:featuredmedia":[{"embeddable":true,"href":"https:\/\/innocentiemangonipiante.it\/fr\/wp-json\/wp\/v2\/media\/1988"}],"wp:attachment":[{"href":"https:\/\/innocentiemangonipiante.it\/fr\/wp-json\/wp\/v2\/media?parent=12625"}],"wp:term":[{"taxonomy":"product_brand","embeddable":true,"href":"https:\/\/innocentiemangonipiante.it\/fr\/wp-json\/wp\/v2\/product_brand?post=12625"},{"taxonomy":"product_cat","embeddable":true,"href":"https:\/\/innocentiemangonipiante.it\/fr\/wp-json\/wp\/v2\/product_cat?post=12625"},{"taxonomy":"product_tag","embeddable":true,"href":"https:\/\/innocentiemangonipiante.it\/fr\/wp-json\/wp\/v2\/product_tag?post=12625"}],"curies":[{"name":"wp","href":"https:\/\/api.w.org\/{rel}","templated":true}]}}