{"id":12626,"date":"2023-11-04T00:26:58","date_gmt":"2023-11-03T23:26:58","guid":{"rendered":"http:\/\/innocentiemangonipiante.it\/cornus-sanguinea-midwinter-fire\/"},"modified":"2023-11-06T14:26:54","modified_gmt":"2023-11-06T13:26:54","slug":"cornus-sanguinea-midwinter-fire","status":"publish","type":"product","link":"https:\/\/innocentiemangonipiante.it\/fr\/cornus-sanguinea-midwinter-fire\/","title":{"rendered":"CORNUS sanguinea &lsquo;Midwinter Fire&rsquo;"},"content":{"rendered":"<p>Arbuste buissonneux avec branches jaune-orange-rouge en hiver et feuilles vert fonc\u00e8. \u00c0 la fin du printemps, d\u00e9but d\u2019\u00e9t\u00e9 il produit des fleurs blanc-cr\u00e8me, suivies par des baies blu-noir.<\/p>\n","protected":false},"excerpt":{"rendered":"<p>Arbuste buissonneux avec branches jaune-orange-rouge en hiver et feuilles vert fonc\u00e8. \u00c0 la fin du printemps, d\u00e9but d\u2019\u00e9t\u00e9 il produit des fleurs blanc-cr\u00e8me, suivies par des baies blu-noir.<\/p>\n","protected":false},"featured_media":1982,"template":"","meta":{"_acf_changed":false},"product_brand":[],"product_cat":[8812],"product_tag":[10897],"class_list":{"0":"post-12626","1":"product","2":"type-product","3":"status-publish","4":"has-post-thumbnail","6":"product_cat-arbres-et-arbustes-a-feuilles-caduques","7":"product_tag-naturelle","8":"pa_altezza-massima-150-fr","9":"pa_altezza-massima-200-fr","10":"pa_colore-fioritura-blanc","11":"pa_condizionamento-clt-fr","12":"pa_famiglia-cornaceae-fr","13":"pa_genere-cornus-fr","14":"pa_inquinamento-resistance-a-la-pollution","15":"pa_origine-europe-fr","16":"pa_periodo-fioritura-juin","17":"pa_periodo-fioritura-mai","18":"pa_portamento-cespuglioso-fr","19":"pa_resistenza-climatica-tres-elevee","20":"pa_resistenza-del-suolo-resistant-aux-sols-calcaires","21":"pa_resistenza-del-suolo-resistant-aux-sols-secs","22":"pa_salinita-resistance-a-la-salinisation","23":"pa_utilizzo-petits-jardins","25":"first","26":"instock","27":"purchasable","28":"product-type-simple"},"acf":[],"_links":{"self":[{"href":"https:\/\/innocentiemangonipiante.it\/fr\/wp-json\/wp\/v2\/product\/12626","targetHints":{"allow":["GET"]}}],"collection":[{"href":"https:\/\/innocentiemangonipiante.it\/fr\/wp-json\/wp\/v2\/product"}],"about":[{"href":"https:\/\/innocentiemangonipiante.it\/fr\/wp-json\/wp\/v2\/types\/product"}],"wp:featuredmedia":[{"embeddable":true,"href":"https:\/\/innocentiemangonipiante.it\/fr\/wp-json\/wp\/v2\/media\/1982"}],"wp:attachment":[{"href":"https:\/\/innocentiemangonipiante.it\/fr\/wp-json\/wp\/v2\/media?parent=12626"}],"wp:term":[{"taxonomy":"product_brand","embeddable":true,"href":"https:\/\/innocentiemangonipiante.it\/fr\/wp-json\/wp\/v2\/product_brand?post=12626"},{"taxonomy":"product_cat","embeddable":true,"href":"https:\/\/innocentiemangonipiante.it\/fr\/wp-json\/wp\/v2\/product_cat?post=12626"},{"taxonomy":"product_tag","embeddable":true,"href":"https:\/\/innocentiemangonipiante.it\/fr\/wp-json\/wp\/v2\/product_tag?post=12626"}],"curies":[{"name":"wp","href":"https:\/\/api.w.org\/{rel}","templated":true}]}}