{"id":12630,"date":"2023-11-04T00:27:59","date_gmt":"2023-11-03T23:27:59","guid":{"rendered":"http:\/\/innocentiemangonipiante.it\/cornus-x-stellar-pink\/"},"modified":"2023-11-06T14:27:47","modified_gmt":"2023-11-06T13:27:47","slug":"cornus-x-stellar-pink","status":"publish","type":"product","link":"https:\/\/innocentiemangonipiante.it\/fr\/cornus-x-stellar-pink\/","title":{"rendered":"CORNUS x &lsquo;Stellar Pink&rsquo;"},"content":{"rendered":"<p>Port \u00e9rig\u00e9, bract\u00e9es de couleur rose. Feuilles rouge vif en automne.<\/p>\n","protected":false},"excerpt":{"rendered":"<p>Port \u00e9rig\u00e9, bract\u00e9es de couleur rose. Feuilles rouge vif en automne.<\/p>\n","protected":false},"featured_media":2006,"template":"","meta":{"_acf_changed":false},"product_brand":[],"product_cat":[8812],"product_tag":[10897],"class_list":{"0":"post-12630","1":"product","2":"type-product","3":"status-publish","4":"has-post-thumbnail","6":"product_cat-arbres-et-arbustes-a-feuilles-caduques","7":"product_tag-naturelle","8":"pa_altezza-massima-500-fr","9":"pa_altezza-massima-800-fr","10":"pa_colore-fioritura-rose","11":"pa_condizionamento-clt-fr","12":"pa_famiglia-cornaceae-fr","13":"pa_genere-cornus-fr","14":"pa_origine-origine-delle-piante-u-s-a","15":"pa_periodo-fioritura-mai","16":"pa_portamento-de-colonne","17":"pa_resistenza-climatica-moyenne-elevee","18":"pa_salinita-resistance-a-la-salinisation","19":"pa_utilizzo-parcs","20":"pa_utilizzo-petits-jardins","22":"first","23":"instock","24":"purchasable","25":"product-type-simple"},"acf":[],"_links":{"self":[{"href":"https:\/\/innocentiemangonipiante.it\/fr\/wp-json\/wp\/v2\/product\/12630","targetHints":{"allow":["GET"]}}],"collection":[{"href":"https:\/\/innocentiemangonipiante.it\/fr\/wp-json\/wp\/v2\/product"}],"about":[{"href":"https:\/\/innocentiemangonipiante.it\/fr\/wp-json\/wp\/v2\/types\/product"}],"wp:featuredmedia":[{"embeddable":true,"href":"https:\/\/innocentiemangonipiante.it\/fr\/wp-json\/wp\/v2\/media\/2006"}],"wp:attachment":[{"href":"https:\/\/innocentiemangonipiante.it\/fr\/wp-json\/wp\/v2\/media?parent=12630"}],"wp:term":[{"taxonomy":"product_brand","embeddable":true,"href":"https:\/\/innocentiemangonipiante.it\/fr\/wp-json\/wp\/v2\/product_brand?post=12630"},{"taxonomy":"product_cat","embeddable":true,"href":"https:\/\/innocentiemangonipiante.it\/fr\/wp-json\/wp\/v2\/product_cat?post=12630"},{"taxonomy":"product_tag","embeddable":true,"href":"https:\/\/innocentiemangonipiante.it\/fr\/wp-json\/wp\/v2\/product_tag?post=12630"}],"curies":[{"name":"wp","href":"https:\/\/api.w.org\/{rel}","templated":true}]}}