{"id":12632,"date":"2023-11-04T00:27:45","date_gmt":"2023-11-03T23:27:45","guid":{"rendered":"http:\/\/innocentiemangonipiante.it\/cornus-x-norman-hadden\/"},"modified":"2023-11-06T14:27:10","modified_gmt":"2023-11-06T13:27:10","slug":"cornus-x-norman-hadden","status":"publish","type":"product","link":"https:\/\/innocentiemangonipiante.it\/fr\/cornus-x-norman-hadden\/","title":{"rendered":"CORNUS x &lsquo;Norman Hadden&rsquo;"},"content":{"rendered":"<p>Tr\u00e8s robuste. La fleur est compos\u00e9e de 4 bract\u00e9es arrondies de couleur blanche \u00e0 l\u2019\u00e9closion qui virent au rose-rouge par la suite.<\/p>\n","protected":false},"excerpt":{"rendered":"<p>Tr\u00e8s robuste. La fleur est compos\u00e9e de 4 bract\u00e9es arrondies de couleur blanche \u00e0 l\u2019\u00e9closion qui virent au rose-rouge par la suite.<\/p>\n","protected":false},"featured_media":1994,"template":"","meta":{"_acf_changed":false},"product_brand":[],"product_cat":[8812],"product_tag":[10897],"class_list":{"0":"post-12632","1":"product","2":"type-product","3":"status-publish","4":"has-post-thumbnail","6":"product_cat-arbres-et-arbustes-a-feuilles-caduques","7":"product_tag-naturelle","8":"pa_altezza-massima-500-fr","9":"pa_altezza-massima-800-fr","10":"pa_colore-fioritura-blanc","11":"pa_condizionamento-clt-fr","12":"pa_famiglia-cornaceae-fr","13":"pa_genere-cornus-fr","14":"pa_origine-asie-orientale","15":"pa_periodo-fioritura-juin","16":"pa_periodo-fioritura-mai","17":"pa_portamento-allargato-fr","18":"pa_resistenza-climatica-moyenne-elevee","19":"pa_utilizzo-parcs","20":"pa_utilizzo-petits-jardins","22":"first","23":"instock","24":"purchasable","25":"product-type-simple"},"acf":[],"_links":{"self":[{"href":"https:\/\/innocentiemangonipiante.it\/fr\/wp-json\/wp\/v2\/product\/12632","targetHints":{"allow":["GET"]}}],"collection":[{"href":"https:\/\/innocentiemangonipiante.it\/fr\/wp-json\/wp\/v2\/product"}],"about":[{"href":"https:\/\/innocentiemangonipiante.it\/fr\/wp-json\/wp\/v2\/types\/product"}],"wp:featuredmedia":[{"embeddable":true,"href":"https:\/\/innocentiemangonipiante.it\/fr\/wp-json\/wp\/v2\/media\/1994"}],"wp:attachment":[{"href":"https:\/\/innocentiemangonipiante.it\/fr\/wp-json\/wp\/v2\/media?parent=12632"}],"wp:term":[{"taxonomy":"product_brand","embeddable":true,"href":"https:\/\/innocentiemangonipiante.it\/fr\/wp-json\/wp\/v2\/product_brand?post=12632"},{"taxonomy":"product_cat","embeddable":true,"href":"https:\/\/innocentiemangonipiante.it\/fr\/wp-json\/wp\/v2\/product_cat?post=12632"},{"taxonomy":"product_tag","embeddable":true,"href":"https:\/\/innocentiemangonipiante.it\/fr\/wp-json\/wp\/v2\/product_tag?post=12632"}],"curies":[{"name":"wp","href":"https:\/\/api.w.org\/{rel}","templated":true}]}}