{"id":12634,"date":"2023-11-04T00:24:40","date_gmt":"2023-11-03T23:24:40","guid":{"rendered":"http:\/\/innocentiemangonipiante.it\/cornus-kousa-chinensis\/"},"modified":"2023-11-06T14:26:02","modified_gmt":"2023-11-06T13:26:02","slug":"cornus-kousa-chinensis","status":"publish","type":"product","link":"https:\/\/innocentiemangonipiante.it\/fr\/cornus-kousa-chinensis\/","title":{"rendered":"CORNUS kousa &lsquo;Chinensis&rsquo;"},"content":{"rendered":"<p>Au d\u00e9but de l\u2019\u00e9t\u00e9, grandes fleurs de couleur blanc-cr\u00e9me \u00e0 l\u2019\u00e9closion qui deviennent blanc-ros\u00e9 par la suite.<\/p>\n","protected":false},"excerpt":{"rendered":"<p>Au d\u00e9but de l\u2019\u00e9t\u00e9, grandes fleurs de couleur blanc-cr\u00e9me \u00e0 l\u2019\u00e9closion qui deviennent blanc-ros\u00e9 par la suite.<\/p>\n","protected":false},"featured_media":1945,"template":"","meta":{"_acf_changed":false},"product_brand":[],"product_cat":[8812],"product_tag":[10897,6255],"class_list":{"0":"post-12634","1":"product","2":"type-product","3":"status-publish","4":"has-post-thumbnail","6":"product_cat-arbres-et-arbustes-a-feuilles-caduques","7":"product_tag-naturelle","8":"product_tag-demi-tige","9":"pa_altezza-massima-500-fr","10":"pa_altezza-massima-800-fr","11":"pa_colore-fioritura-blanc","12":"pa_condizionamento-clt-fr","13":"pa_famiglia-cornaceae-fr","14":"pa_genere-cornus-fr","15":"pa_origine-asie-orientale","16":"pa_periodo-fioritura-juin","17":"pa_portamento-arrondi","18":"pa_resistenza-climatica-tres-elevee","19":"pa_utilizzo-parcs","20":"pa_utilizzo-petits-jardins","22":"first","23":"instock","24":"purchasable","25":"product-type-simple"},"acf":[],"_links":{"self":[{"href":"https:\/\/innocentiemangonipiante.it\/fr\/wp-json\/wp\/v2\/product\/12634","targetHints":{"allow":["GET"]}}],"collection":[{"href":"https:\/\/innocentiemangonipiante.it\/fr\/wp-json\/wp\/v2\/product"}],"about":[{"href":"https:\/\/innocentiemangonipiante.it\/fr\/wp-json\/wp\/v2\/types\/product"}],"wp:featuredmedia":[{"embeddable":true,"href":"https:\/\/innocentiemangonipiante.it\/fr\/wp-json\/wp\/v2\/media\/1945"}],"wp:attachment":[{"href":"https:\/\/innocentiemangonipiante.it\/fr\/wp-json\/wp\/v2\/media?parent=12634"}],"wp:term":[{"taxonomy":"product_brand","embeddable":true,"href":"https:\/\/innocentiemangonipiante.it\/fr\/wp-json\/wp\/v2\/product_brand?post=12634"},{"taxonomy":"product_cat","embeddable":true,"href":"https:\/\/innocentiemangonipiante.it\/fr\/wp-json\/wp\/v2\/product_cat?post=12634"},{"taxonomy":"product_tag","embeddable":true,"href":"https:\/\/innocentiemangonipiante.it\/fr\/wp-json\/wp\/v2\/product_tag?post=12634"}],"curies":[{"name":"wp","href":"https:\/\/api.w.org\/{rel}","templated":true}]}}