{"id":12635,"date":"2023-11-04T00:24:33","date_gmt":"2023-11-03T23:24:33","guid":{"rendered":"http:\/\/innocentiemangonipiante.it\/cornus-kousa-china-girl\/"},"modified":"2023-11-06T14:26:00","modified_gmt":"2023-11-06T13:26:00","slug":"cornus-kousa-china-girl","status":"publish","type":"product","link":"https:\/\/innocentiemangonipiante.it\/fr\/cornus-kousa-china-girl\/","title":{"rendered":"CORNUS kousa &lsquo;China Girl&rsquo;"},"content":{"rendered":"<p>Arbuste avec feuilles ov\u00e9es, luisantes, vert fonc\u00e9, similaires \u00e0 celles de la s\u00e9lection C. k. \u2018Milky Way\u2019, qui virent au pourpre en automne. Grandes bract\u00e9es blanches.<\/p>\n","protected":false},"excerpt":{"rendered":"<p>Arbuste avec feuilles ov\u00e9es, luisantes, vert fonc\u00e9, similaires \u00e0 celles de la s\u00e9lection C. k. \u2018Milky Way\u2019, qui virent au pourpre en automne. Grandes bract\u00e9es blanches.<\/p>\n","protected":false},"featured_media":1939,"template":"","meta":{"_acf_changed":false},"product_brand":[],"product_cat":[8812],"product_tag":[10897],"class_list":{"0":"post-12635","1":"product","2":"type-product","3":"status-publish","4":"has-post-thumbnail","6":"product_cat-arbres-et-arbustes-a-feuilles-caduques","7":"product_tag-naturelle","8":"pa_altezza-massima-500-fr","9":"pa_altezza-massima-800-fr","10":"pa_colore-fioritura-blanc","11":"pa_condizionamento-clt-fr","12":"pa_famiglia-cornaceae-fr","13":"pa_genere-cornus-fr","14":"pa_origine-hollande","15":"pa_periodo-fioritura-juin","16":"pa_periodo-fruttificazione-septembre","17":"pa_portamento-arrondi","18":"pa_resistenza-climatica-moyenne-elevee","19":"pa_utilizzo-parcs","20":"pa_utilizzo-petits-jardins","22":"first","23":"instock","24":"purchasable","25":"product-type-simple"},"acf":[],"_links":{"self":[{"href":"https:\/\/innocentiemangonipiante.it\/fr\/wp-json\/wp\/v2\/product\/12635","targetHints":{"allow":["GET"]}}],"collection":[{"href":"https:\/\/innocentiemangonipiante.it\/fr\/wp-json\/wp\/v2\/product"}],"about":[{"href":"https:\/\/innocentiemangonipiante.it\/fr\/wp-json\/wp\/v2\/types\/product"}],"wp:featuredmedia":[{"embeddable":true,"href":"https:\/\/innocentiemangonipiante.it\/fr\/wp-json\/wp\/v2\/media\/1939"}],"wp:attachment":[{"href":"https:\/\/innocentiemangonipiante.it\/fr\/wp-json\/wp\/v2\/media?parent=12635"}],"wp:term":[{"taxonomy":"product_brand","embeddable":true,"href":"https:\/\/innocentiemangonipiante.it\/fr\/wp-json\/wp\/v2\/product_brand?post=12635"},{"taxonomy":"product_cat","embeddable":true,"href":"https:\/\/innocentiemangonipiante.it\/fr\/wp-json\/wp\/v2\/product_cat?post=12635"},{"taxonomy":"product_tag","embeddable":true,"href":"https:\/\/innocentiemangonipiante.it\/fr\/wp-json\/wp\/v2\/product_tag?post=12635"}],"curies":[{"name":"wp","href":"https:\/\/api.w.org\/{rel}","templated":true}]}}