{"id":12642,"date":"2023-11-04T00:23:10","date_gmt":"2023-11-03T23:23:10","guid":{"rendered":"http:\/\/innocentiemangonipiante.it\/cornus-florida-cherokee-brave\/"},"modified":"2023-11-06T14:25:25","modified_gmt":"2023-11-06T13:25:25","slug":"cornus-florida-cherokee-brave","status":"publish","type":"product","link":"https:\/\/innocentiemangonipiante.it\/fr\/cornus-florida-cherokee-brave\/","title":{"rendered":"CORNUS florida &lsquo;Cherokee Brave&rsquo;"},"content":{"rendered":"<p>Arbuste caduc \u00e0 moyen d\u00e9veloppement. Les feuilles sont de couleur vert fonc\u00e9, tendance au rouge en automne. Floraison abondante de couleur rouge intense fin printemps.<\/p>\n","protected":false},"excerpt":{"rendered":"<p>Arbuste caduc \u00e0 moyen d\u00e9veloppement. Les feuilles sont de couleur vert fonc\u00e9, tendance au rouge en automne. Floraison abondante de couleur rouge intense fin printemps.<\/p>\n","protected":false},"featured_media":1902,"template":"","meta":{"_acf_changed":false},"product_brand":[],"product_cat":[8812],"product_tag":[10897],"class_list":{"0":"post-12642","1":"product","2":"type-product","3":"status-publish","4":"has-post-thumbnail","6":"product_cat-arbres-et-arbustes-a-feuilles-caduques","7":"product_tag-naturelle","8":"pa_altezza-massima-600-fr","9":"pa_altezza-massima-900-fr","10":"pa_colore-fioritura-rouge","11":"pa_condizionamento-clt-fr","12":"pa_famiglia-cornaceae-fr","13":"pa_genere-cornus-fr","14":"pa_origine-origine-delle-piante-u-s-a","15":"pa_periodo-fioritura-avril","16":"pa_periodo-fioritura-mai","17":"pa_portamento-piramidale-fr","18":"pa_resistenza-climatica-tres-elevee","19":"pa_utilizzo-parcs","21":"first","22":"instock","23":"purchasable","24":"product-type-simple"},"acf":[],"_links":{"self":[{"href":"https:\/\/innocentiemangonipiante.it\/fr\/wp-json\/wp\/v2\/product\/12642","targetHints":{"allow":["GET"]}}],"collection":[{"href":"https:\/\/innocentiemangonipiante.it\/fr\/wp-json\/wp\/v2\/product"}],"about":[{"href":"https:\/\/innocentiemangonipiante.it\/fr\/wp-json\/wp\/v2\/types\/product"}],"wp:featuredmedia":[{"embeddable":true,"href":"https:\/\/innocentiemangonipiante.it\/fr\/wp-json\/wp\/v2\/media\/1902"}],"wp:attachment":[{"href":"https:\/\/innocentiemangonipiante.it\/fr\/wp-json\/wp\/v2\/media?parent=12642"}],"wp:term":[{"taxonomy":"product_brand","embeddable":true,"href":"https:\/\/innocentiemangonipiante.it\/fr\/wp-json\/wp\/v2\/product_brand?post=12642"},{"taxonomy":"product_cat","embeddable":true,"href":"https:\/\/innocentiemangonipiante.it\/fr\/wp-json\/wp\/v2\/product_cat?post=12642"},{"taxonomy":"product_tag","embeddable":true,"href":"https:\/\/innocentiemangonipiante.it\/fr\/wp-json\/wp\/v2\/product_tag?post=12642"}],"curies":[{"name":"wp","href":"https:\/\/api.w.org\/{rel}","templated":true}]}}