{"id":12643,"date":"2023-11-04T00:23:00","date_gmt":"2023-11-03T23:23:00","guid":{"rendered":"http:\/\/innocentiemangonipiante.it\/cornus-florida\/"},"modified":"2023-11-06T14:25:23","modified_gmt":"2023-11-06T13:25:23","slug":"cornus-florida","status":"publish","type":"product","link":"https:\/\/innocentiemangonipiante.it\/fr\/cornus-florida\/","title":{"rendered":"CORNUS florida"},"content":{"rendered":"<p>Arbre ou arbuste \u00e0 feuille caduque au port de conique \u00e0 ample. Les feuilles sont oppos\u00e9es, d\u2019ovales \u00e0 ov\u00e9es, du vert au vert fonc\u00e9 et ont une longueur de 10-12 cm. Elles se teintent de rouge et de pourpre en automne. En maijuin, il donne des fleurs allant du blanc verd\u00e2tre au blanc pur, d\u2019un diam\u00e8tre de 8 \u00e0 9 cm compos\u00e9es de 4 bract\u00e9es oviformes unies par un capitule central d\u2019une largeur de 0,5 \u00e0 1 cm. Il pr\u00e9f\u00e8re les sols frais et l\u00e9g\u00e8rement acides. Ne supporte pas le calcaire.<\/p>\n","protected":false},"excerpt":{"rendered":"<p>Arbre ou arbuste \u00e0 feuille caduque au port de conique \u00e0 ample. Les feuilles sont oppos\u00e9es, d\u2019ovales \u00e0 ov\u00e9es, du vert au vert fonc\u00e9 et ont une longueur de 10-12 cm. Elles se teintent de rouge et de pourpre en automne. En maijuin, il donne des fleurs allant du blanc verd\u00e2tre au blanc pur, d\u2019un [&hellip;]<\/p>\n","protected":false},"featured_media":1896,"template":"","meta":{"_acf_changed":false},"product_brand":[],"product_cat":[8812],"product_tag":[10897,6255,8400],"class_list":{"0":"post-12643","1":"product","2":"type-product","3":"status-publish","4":"has-post-thumbnail","6":"product_cat-arbres-et-arbustes-a-feuilles-caduques","7":"product_tag-naturelle","8":"product_tag-demi-tige","9":"product_tag-tige","10":"pa_altezza-massima-600-fr","11":"pa_altezza-massima-900-fr","12":"pa_colore-fioritura-blanc","13":"pa_condizionamento-clt-fr","14":"pa_famiglia-cornaceae-fr","15":"pa_genere-cornus-fr","16":"pa_inquinamento-resistance-a-la-pollution","17":"pa_origine-origine-delle-piante-u-s-a","18":"pa_periodo-fioritura-juin","19":"pa_periodo-fioritura-mai","20":"pa_portamento-piramidale-fr","21":"pa_resistenza-climatica-tres-elevee","22":"pa_utilizzo-parcs","24":"first","25":"instock","26":"purchasable","27":"product-type-simple"},"acf":[],"_links":{"self":[{"href":"https:\/\/innocentiemangonipiante.it\/fr\/wp-json\/wp\/v2\/product\/12643","targetHints":{"allow":["GET"]}}],"collection":[{"href":"https:\/\/innocentiemangonipiante.it\/fr\/wp-json\/wp\/v2\/product"}],"about":[{"href":"https:\/\/innocentiemangonipiante.it\/fr\/wp-json\/wp\/v2\/types\/product"}],"wp:featuredmedia":[{"embeddable":true,"href":"https:\/\/innocentiemangonipiante.it\/fr\/wp-json\/wp\/v2\/media\/1896"}],"wp:attachment":[{"href":"https:\/\/innocentiemangonipiante.it\/fr\/wp-json\/wp\/v2\/media?parent=12643"}],"wp:term":[{"taxonomy":"product_brand","embeddable":true,"href":"https:\/\/innocentiemangonipiante.it\/fr\/wp-json\/wp\/v2\/product_brand?post=12643"},{"taxonomy":"product_cat","embeddable":true,"href":"https:\/\/innocentiemangonipiante.it\/fr\/wp-json\/wp\/v2\/product_cat?post=12643"},{"taxonomy":"product_tag","embeddable":true,"href":"https:\/\/innocentiemangonipiante.it\/fr\/wp-json\/wp\/v2\/product_tag?post=12643"}],"curies":[{"name":"wp","href":"https:\/\/api.w.org\/{rel}","templated":true}]}}