{"id":12645,"date":"2023-11-04T00:22:44","date_gmt":"2023-11-03T23:22:44","guid":{"rendered":"http:\/\/innocentiemangonipiante.it\/cornus-controversa-variegata\/"},"modified":"2023-11-06T14:25:12","modified_gmt":"2023-11-06T13:25:12","slug":"cornus-controversa-variegata","status":"publish","type":"product","link":"https:\/\/innocentiemangonipiante.it\/fr\/cornus-controversa-variegata\/","title":{"rendered":"CORNUS controversa &lsquo;Variegata&rsquo;"},"content":{"rendered":"<p>Grand arbuste ou petit arbre \u00e0 feuille caduque, tr\u00e8s d\u00e9coratif, au port irr\u00e9gulier avec des branches dispos\u00e9es en \u00e9tages horizontaux. L\u2019\u00e9corce va du vert intense au marron-rouge\u00e2tre. Les feuilles sont de couleur vert fonc\u00e9 bord\u00e9es de blanc.<\/p>\n","protected":false},"excerpt":{"rendered":"<p>Grand arbuste ou petit arbre \u00e0 feuille caduque, tr\u00e8s d\u00e9coratif, au port irr\u00e9gulier avec des branches dispos\u00e9es en \u00e9tages horizontaux. L\u2019\u00e9corce va du vert intense au marron-rouge\u00e2tre. Les feuilles sont de couleur vert fonc\u00e9 bord\u00e9es de blanc.<\/p>\n","protected":false},"featured_media":1890,"template":"","meta":{"_acf_changed":false},"product_brand":[],"product_cat":[8812],"product_tag":[10897,8400],"class_list":{"0":"post-12645","1":"product","2":"type-product","3":"status-publish","4":"has-post-thumbnail","6":"product_cat-arbres-et-arbustes-a-feuilles-caduques","7":"product_tag-naturelle","8":"product_tag-tige","9":"pa_altezza-massima-500-fr","10":"pa_altezza-massima-800-fr","11":"pa_colore-delle-foglie-panachees","12":"pa_colore-fioritura-blanc","13":"pa_condizionamento-clt-fr","14":"pa_famiglia-cornaceae-fr","15":"pa_genere-cornus-fr","16":"pa_origine-asie-orientale","17":"pa_periodo-fioritura-juin","18":"pa_portamento-allargato-fr","19":"pa_resistenza-climatica-moyenne-elevee","20":"pa_utilizzo-parcs","22":"first","23":"instock","24":"purchasable","25":"product-type-simple"},"acf":[],"_links":{"self":[{"href":"https:\/\/innocentiemangonipiante.it\/fr\/wp-json\/wp\/v2\/product\/12645","targetHints":{"allow":["GET"]}}],"collection":[{"href":"https:\/\/innocentiemangonipiante.it\/fr\/wp-json\/wp\/v2\/product"}],"about":[{"href":"https:\/\/innocentiemangonipiante.it\/fr\/wp-json\/wp\/v2\/types\/product"}],"wp:featuredmedia":[{"embeddable":true,"href":"https:\/\/innocentiemangonipiante.it\/fr\/wp-json\/wp\/v2\/media\/1890"}],"wp:attachment":[{"href":"https:\/\/innocentiemangonipiante.it\/fr\/wp-json\/wp\/v2\/media?parent=12645"}],"wp:term":[{"taxonomy":"product_brand","embeddable":true,"href":"https:\/\/innocentiemangonipiante.it\/fr\/wp-json\/wp\/v2\/product_brand?post=12645"},{"taxonomy":"product_cat","embeddable":true,"href":"https:\/\/innocentiemangonipiante.it\/fr\/wp-json\/wp\/v2\/product_cat?post=12645"},{"taxonomy":"product_tag","embeddable":true,"href":"https:\/\/innocentiemangonipiante.it\/fr\/wp-json\/wp\/v2\/product_tag?post=12645"}],"curies":[{"name":"wp","href":"https:\/\/api.w.org\/{rel}","templated":true}]}}