{"id":12646,"date":"2023-11-04T00:22:37","date_gmt":"2023-11-03T23:22:37","guid":{"rendered":"http:\/\/innocentiemangonipiante.it\/cornus-controversa\/"},"modified":"2023-11-06T14:25:10","modified_gmt":"2023-11-06T13:25:10","slug":"cornus-controversa","status":"publish","type":"product","link":"https:\/\/innocentiemangonipiante.it\/fr\/cornus-controversa\/","title":{"rendered":"CORNUS controversa"},"content":{"rendered":"<p>Arbre \u00e0 feuille caduque au port arrondi. Les branches amples forment des \u00e9tages dispos\u00e9s sur le tronc central comme des marches. Les feuilles altern\u00e9es, elliptiques, d\u2019une longueur de 15 cm, luisantes, sont de couleur vert fonc\u00e9 dessus et glauque dessous. Les fleurs blanches, au d\u00e9but de l\u2019\u00e9t\u00e9, sont remplac\u00e9es par des fruits sph\u00e9riques de couleur noir-bleu.<\/p>\n","protected":false},"excerpt":{"rendered":"<p>Arbre \u00e0 feuille caduque au port arrondi. Les branches amples forment des \u00e9tages dispos\u00e9s sur le tronc central comme des marches. Les feuilles altern\u00e9es, elliptiques, d\u2019une longueur de 15 cm, luisantes, sont de couleur vert fonc\u00e9 dessus et glauque dessous. Les fleurs blanches, au d\u00e9but de l\u2019\u00e9t\u00e9, sont remplac\u00e9es par des fruits sph\u00e9riques de couleur [&hellip;]<\/p>\n","protected":false},"featured_media":1884,"template":"","meta":{"_acf_changed":false},"product_brand":[],"product_cat":[8812],"product_tag":[10897,8400],"class_list":{"0":"post-12646","1":"product","2":"type-product","3":"status-publish","4":"has-post-thumbnail","6":"product_cat-arbres-et-arbustes-a-feuilles-caduques","7":"product_tag-naturelle","8":"product_tag-tige","9":"pa_altezza-massima-500-fr","10":"pa_altezza-massima-800-fr","11":"pa_colore-fioritura-blanc","12":"pa_condizionamento-clt-fr","13":"pa_famiglia-cornaceae-fr","14":"pa_genere-cornus-fr","15":"pa_origine-asie","16":"pa_periodo-fioritura-juillet","17":"pa_periodo-fioritura-juin","18":"pa_portamento-allargato-fr","19":"pa_resistenza-climatica-tres-elevee","20":"pa_utilizzo-parcs","22":"first","23":"instock","24":"purchasable","25":"product-type-simple"},"acf":[],"_links":{"self":[{"href":"https:\/\/innocentiemangonipiante.it\/fr\/wp-json\/wp\/v2\/product\/12646","targetHints":{"allow":["GET"]}}],"collection":[{"href":"https:\/\/innocentiemangonipiante.it\/fr\/wp-json\/wp\/v2\/product"}],"about":[{"href":"https:\/\/innocentiemangonipiante.it\/fr\/wp-json\/wp\/v2\/types\/product"}],"wp:featuredmedia":[{"embeddable":true,"href":"https:\/\/innocentiemangonipiante.it\/fr\/wp-json\/wp\/v2\/media\/1884"}],"wp:attachment":[{"href":"https:\/\/innocentiemangonipiante.it\/fr\/wp-json\/wp\/v2\/media?parent=12646"}],"wp:term":[{"taxonomy":"product_brand","embeddable":true,"href":"https:\/\/innocentiemangonipiante.it\/fr\/wp-json\/wp\/v2\/product_brand?post=12646"},{"taxonomy":"product_cat","embeddable":true,"href":"https:\/\/innocentiemangonipiante.it\/fr\/wp-json\/wp\/v2\/product_cat?post=12646"},{"taxonomy":"product_tag","embeddable":true,"href":"https:\/\/innocentiemangonipiante.it\/fr\/wp-json\/wp\/v2\/product_tag?post=12646"}],"curies":[{"name":"wp","href":"https:\/\/api.w.org\/{rel}","templated":true}]}}