{"id":12649,"date":"2023-11-04T00:21:13","date_gmt":"2023-11-03T23:21:13","guid":{"rendered":"http:\/\/innocentiemangonipiante.it\/cornus-alba-elegantissima\/"},"modified":"2023-11-06T14:24:15","modified_gmt":"2023-11-06T13:24:15","slug":"cornus-alba-elegantissima","status":"publish","type":"product","link":"https:\/\/innocentiemangonipiante.it\/fr\/cornus-alba-elegantissima\/","title":{"rendered":"CORNUS alba &lsquo;Elegantissima&rsquo;"},"content":{"rendered":"<p>Feuilles gris-vertes, bord\u00e9es irr\u00e9guli\u00e8rement de blanc.<\/p>\n","protected":false},"excerpt":{"rendered":"<p>Feuilles gris-vertes, bord\u00e9es irr\u00e9guli\u00e8rement de blanc.<\/p>\n","protected":false},"featured_media":1860,"template":"","meta":{"_acf_changed":false},"product_brand":[],"product_cat":[8812],"product_tag":[10897],"class_list":{"0":"post-12649","1":"product","2":"type-product","3":"status-publish","4":"has-post-thumbnail","6":"product_cat-arbres-et-arbustes-a-feuilles-caduques","7":"product_tag-naturelle","8":"pa_altezza-massima-200-fr","9":"pa_altezza-massima-300-fr-2","10":"pa_colore-delle-foglie-panachees","11":"pa_colore-fioritura-blanc","12":"pa_condizionamento-clt-fr","13":"pa_famiglia-cornaceae-fr","14":"pa_genere-cornus-fr","15":"pa_inquinamento-resistance-a-la-pollution","16":"pa_origine-asie-orientale","17":"pa_periodo-fioritura-avril","18":"pa_portamento-arrondi","19":"pa_resistenza-climatica-moyenne-elevee","20":"pa_resistenza-del-suolo-resistant-au-sol-humide","21":"pa_resistenza-del-suolo-resistant-aux-sols-secs","22":"pa_utilizzo-parcs","23":"pa_utilizzo-petits-jardins","25":"first","26":"instock","27":"purchasable","28":"product-type-simple"},"acf":[],"_links":{"self":[{"href":"https:\/\/innocentiemangonipiante.it\/fr\/wp-json\/wp\/v2\/product\/12649","targetHints":{"allow":["GET"]}}],"collection":[{"href":"https:\/\/innocentiemangonipiante.it\/fr\/wp-json\/wp\/v2\/product"}],"about":[{"href":"https:\/\/innocentiemangonipiante.it\/fr\/wp-json\/wp\/v2\/types\/product"}],"wp:featuredmedia":[{"embeddable":true,"href":"https:\/\/innocentiemangonipiante.it\/fr\/wp-json\/wp\/v2\/media\/1860"}],"wp:attachment":[{"href":"https:\/\/innocentiemangonipiante.it\/fr\/wp-json\/wp\/v2\/media?parent=12649"}],"wp:term":[{"taxonomy":"product_brand","embeddable":true,"href":"https:\/\/innocentiemangonipiante.it\/fr\/wp-json\/wp\/v2\/product_brand?post=12649"},{"taxonomy":"product_cat","embeddable":true,"href":"https:\/\/innocentiemangonipiante.it\/fr\/wp-json\/wp\/v2\/product_cat?post=12649"},{"taxonomy":"product_tag","embeddable":true,"href":"https:\/\/innocentiemangonipiante.it\/fr\/wp-json\/wp\/v2\/product_tag?post=12649"}],"curies":[{"name":"wp","href":"https:\/\/api.w.org\/{rel}","templated":true}]}}