{"id":12650,"date":"2023-11-04T00:21:07","date_gmt":"2023-11-03T23:21:07","guid":{"rendered":"http:\/\/innocentiemangonipiante.it\/cornus-alba-baton-rouge\/"},"modified":"2023-11-06T14:24:13","modified_gmt":"2023-11-06T13:24:13","slug":"cornus-alba-baton-rouge","status":"publish","type":"product","link":"https:\/\/innocentiemangonipiante.it\/fr\/cornus-alba-baton-rouge\/","title":{"rendered":"CORNUS alba &lsquo;Baton Rouge&rsquo;"},"content":{"rendered":"<p>Arbuste caduc au port \u00e9rig\u00e9. L&rsquo; \u00e9corce reste rouge lumineuse tout au long de l&rsquo;ann\u00e9e. Feuillage vert fonc\u00e9 en \u00e9t\u00e9 puis jaune-orange.<\/p>\n","protected":false},"excerpt":{"rendered":"<p>Arbuste caduc au port \u00e9rig\u00e9. L&rsquo; \u00e9corce reste rouge lumineuse tout au long de l&rsquo;ann\u00e9e. Feuillage vert fonc\u00e9 en \u00e9t\u00e9 puis jaune-orange.<\/p>\n","protected":false},"featured_media":1854,"template":"","meta":{"_acf_changed":false},"product_brand":[],"product_cat":[8812],"product_tag":[10897],"class_list":{"0":"post-12650","1":"product","2":"type-product","3":"status-publish","4":"has-post-thumbnail","6":"product_cat-arbres-et-arbustes-a-feuilles-caduques","7":"product_tag-naturelle","8":"pa_altezza-massima-150-fr","9":"pa_altezza-massima-200-fr","10":"pa_colore-fioritura-blanc","11":"pa_condizionamento-clt-fr","12":"pa_famiglia-cornaceae-fr","13":"pa_genere-cornus-fr","14":"pa_inquinamento-resistance-a-la-pollution","15":"pa_origine-france-fr","16":"pa_periodo-fioritura-mai","17":"pa_portamento-arrondi","18":"pa_resistenza-climatica-tres-elevee","19":"pa_resistenza-del-suolo-resistant-au-sol-humide","20":"pa_utilizzo-parcs","21":"pa_utilizzo-petits-jardins","23":"first","24":"instock","25":"purchasable","26":"product-type-simple"},"acf":[],"_links":{"self":[{"href":"https:\/\/innocentiemangonipiante.it\/fr\/wp-json\/wp\/v2\/product\/12650","targetHints":{"allow":["GET"]}}],"collection":[{"href":"https:\/\/innocentiemangonipiante.it\/fr\/wp-json\/wp\/v2\/product"}],"about":[{"href":"https:\/\/innocentiemangonipiante.it\/fr\/wp-json\/wp\/v2\/types\/product"}],"wp:featuredmedia":[{"embeddable":true,"href":"https:\/\/innocentiemangonipiante.it\/fr\/wp-json\/wp\/v2\/media\/1854"}],"wp:attachment":[{"href":"https:\/\/innocentiemangonipiante.it\/fr\/wp-json\/wp\/v2\/media?parent=12650"}],"wp:term":[{"taxonomy":"product_brand","embeddable":true,"href":"https:\/\/innocentiemangonipiante.it\/fr\/wp-json\/wp\/v2\/product_brand?post=12650"},{"taxonomy":"product_cat","embeddable":true,"href":"https:\/\/innocentiemangonipiante.it\/fr\/wp-json\/wp\/v2\/product_cat?post=12650"},{"taxonomy":"product_tag","embeddable":true,"href":"https:\/\/innocentiemangonipiante.it\/fr\/wp-json\/wp\/v2\/product_tag?post=12650"}],"curies":[{"name":"wp","href":"https:\/\/api.w.org\/{rel}","templated":true}]}}