{"id":12652,"date":"2023-11-04T00:29:32","date_gmt":"2023-11-03T23:29:32","guid":{"rendered":"http:\/\/innocentiemangonipiante.it\/corylus-maxima-purpurea\/"},"modified":"2023-11-06T14:28:21","modified_gmt":"2023-11-06T13:28:21","slug":"corylus-maxima-purpurea","status":"publish","type":"product","link":"https:\/\/innocentiemangonipiante.it\/fr\/corylus-maxima-purpurea\/","title":{"rendered":"CORYLUS maxima &lsquo;Purpurea&rsquo;"},"content":{"rendered":"<p>Arbuste \u00e0 feuille caduque au port \u00e9rig\u00e9. Les feuilles, altern\u00e9es et arrondies, sont de couleur rouge lumineux d\u2019abord et d\u2019un rouge beaucoup plus fonc\u00e9 et profond ensuite, surtout si elles sont expos\u00e9es en plein soleil. Donne des chatons pourpr\u00e9s et des fruits \u00e0 la cosse nuanc\u00e9e aussi de pourpre.<\/p>\n","protected":false},"excerpt":{"rendered":"<p>Arbuste \u00e0 feuille caduque au port \u00e9rig\u00e9. Les feuilles, altern\u00e9es et arrondies, sont de couleur rouge lumineux d\u2019abord et d\u2019un rouge beaucoup plus fonc\u00e9 et profond ensuite, surtout si elles sont expos\u00e9es en plein soleil. Donne des chatons pourpr\u00e9s et des fruits \u00e0 la cosse nuanc\u00e9e aussi de pourpre.<\/p>\n","protected":false},"featured_media":2037,"template":"","meta":{"_acf_changed":false},"product_brand":[],"product_cat":[8812],"product_tag":[10897],"class_list":{"0":"post-12652","1":"product","2":"type-product","3":"status-publish","4":"has-post-thumbnail","6":"product_cat-arbres-et-arbustes-a-feuilles-caduques","7":"product_tag-naturelle","8":"pa_altezza-massima-300-fr-2","9":"pa_altezza-massima-400-fr","10":"pa_colore-fioritura-rouge","11":"pa_condizionamento-clt-fr","12":"pa_famiglia-corylaceae-fr","13":"pa_genere-corylus-fr","14":"pa_origine-europe-mediterraneenne","15":"pa_periodo-fioritura-decembre","16":"pa_periodo-fioritura-novembre-fr","17":"pa_resistenza-climatica-tres-elevee","18":"pa_resistenza-del-suolo-resistant-au-sol-humide","19":"pa_resistenza-del-suolo-resistant-aux-sols-calcaires","21":"first","22":"instock","23":"purchasable","24":"product-type-simple"},"acf":[],"_links":{"self":[{"href":"https:\/\/innocentiemangonipiante.it\/fr\/wp-json\/wp\/v2\/product\/12652","targetHints":{"allow":["GET"]}}],"collection":[{"href":"https:\/\/innocentiemangonipiante.it\/fr\/wp-json\/wp\/v2\/product"}],"about":[{"href":"https:\/\/innocentiemangonipiante.it\/fr\/wp-json\/wp\/v2\/types\/product"}],"wp:featuredmedia":[{"embeddable":true,"href":"https:\/\/innocentiemangonipiante.it\/fr\/wp-json\/wp\/v2\/media\/2037"}],"wp:attachment":[{"href":"https:\/\/innocentiemangonipiante.it\/fr\/wp-json\/wp\/v2\/media?parent=12652"}],"wp:term":[{"taxonomy":"product_brand","embeddable":true,"href":"https:\/\/innocentiemangonipiante.it\/fr\/wp-json\/wp\/v2\/product_brand?post=12652"},{"taxonomy":"product_cat","embeddable":true,"href":"https:\/\/innocentiemangonipiante.it\/fr\/wp-json\/wp\/v2\/product_cat?post=12652"},{"taxonomy":"product_tag","embeddable":true,"href":"https:\/\/innocentiemangonipiante.it\/fr\/wp-json\/wp\/v2\/product_tag?post=12652"}],"curies":[{"name":"wp","href":"https:\/\/api.w.org\/{rel}","templated":true}]}}