{"id":12653,"date":"2023-11-04T00:29:23","date_gmt":"2023-11-03T23:29:23","guid":{"rendered":"http:\/\/innocentiemangonipiante.it\/corylus-colurna\/"},"modified":"2023-11-06T14:28:19","modified_gmt":"2023-11-06T13:28:19","slug":"corylus-colurna","status":"publish","type":"product","link":"https:\/\/innocentiemangonipiante.it\/fr\/corylus-colurna\/","title":{"rendered":"CORYLUS colurna"},"content":{"rendered":"<p>\u201cNoisetier de Byzance\u201d. Grand arbre \u00e0 feuille caduque au port conique et r\u00e9gulier. Les feuilles, largement ovales, d\u2019une longueur de 12 cm, sont de couleur vert fonc\u00e9 et virent au jaune en automne. \u00c0 la fin de l\u2019hiver, il donne des chatons jaunes pendants, de 8 \u00e0 10 cm. Ecorce tr\u00e8s d\u00e9corative, rugueuse, grav\u00e9e r\u00e9guli\u00e8rement et lisse.<\/p>\n","protected":false},"excerpt":{"rendered":"<p>\u201cNoisetier de Byzance\u201d. Grand arbre \u00e0 feuille caduque au port conique et r\u00e9gulier. Les feuilles, largement ovales, d\u2019une longueur de 12 cm, sont de couleur vert fonc\u00e9 et virent au jaune en automne. \u00c0 la fin de l\u2019hiver, il donne des chatons jaunes pendants, de 8 \u00e0 10 cm. Ecorce tr\u00e8s d\u00e9corative, rugueuse, grav\u00e9e r\u00e9guli\u00e8rement [&hellip;]<\/p>\n","protected":false},"featured_media":2031,"template":"","meta":{"_acf_changed":false},"product_brand":[],"product_cat":[8812,9230],"product_tag":[10897,8400],"class_list":{"0":"post-12653","1":"product","2":"type-product","3":"status-publish","4":"has-post-thumbnail","6":"product_cat-arbres-et-arbustes-a-feuilles-caduques","7":"product_cat-arbres-et-plantes-du-futur","8":"product_tag-naturelle","9":"product_tag-tige","10":"pa_altezza-massima-15-metres","11":"pa_altezza-massima-20-metres","12":"pa_colore-fioritura-jaune","13":"pa_condizionamento-clt-fr","14":"pa_condizionamento-motte","15":"pa_famiglia-corylaceae-fr","16":"pa_genere-corylus-fr","17":"pa_inquinamento-resistance-a-la-pollution","18":"pa_origine-europe-mediterraneenne","19":"pa_periodo-fioritura-novembre-fr","20":"pa_resistenza-climatica-tres-elevee","21":"pa_resistenza-del-suolo-resistant-au-sol-humide","22":"pa_resistenza-del-suolo-resistant-aux-sols-calcaires","23":"pa_resistenza-del-suolo-resistant-aux-sols-secs","25":"first","26":"instock","27":"purchasable","28":"product-type-simple"},"acf":[],"_links":{"self":[{"href":"https:\/\/innocentiemangonipiante.it\/fr\/wp-json\/wp\/v2\/product\/12653","targetHints":{"allow":["GET"]}}],"collection":[{"href":"https:\/\/innocentiemangonipiante.it\/fr\/wp-json\/wp\/v2\/product"}],"about":[{"href":"https:\/\/innocentiemangonipiante.it\/fr\/wp-json\/wp\/v2\/types\/product"}],"wp:featuredmedia":[{"embeddable":true,"href":"https:\/\/innocentiemangonipiante.it\/fr\/wp-json\/wp\/v2\/media\/2031"}],"wp:attachment":[{"href":"https:\/\/innocentiemangonipiante.it\/fr\/wp-json\/wp\/v2\/media?parent=12653"}],"wp:term":[{"taxonomy":"product_brand","embeddable":true,"href":"https:\/\/innocentiemangonipiante.it\/fr\/wp-json\/wp\/v2\/product_brand?post=12653"},{"taxonomy":"product_cat","embeddable":true,"href":"https:\/\/innocentiemangonipiante.it\/fr\/wp-json\/wp\/v2\/product_cat?post=12653"},{"taxonomy":"product_tag","embeddable":true,"href":"https:\/\/innocentiemangonipiante.it\/fr\/wp-json\/wp\/v2\/product_tag?post=12653"}],"curies":[{"name":"wp","href":"https:\/\/api.w.org\/{rel}","templated":true}]}}