{"id":12654,"date":"2023-11-04T00:29:08","date_gmt":"2023-11-03T23:29:08","guid":{"rendered":"http:\/\/innocentiemangonipiante.it\/corylus-avellana-red-majestic\/"},"modified":"2023-11-06T14:28:14","modified_gmt":"2023-11-06T13:28:14","slug":"corylus-avellana-red-majestic","status":"publish","type":"product","link":"https:\/\/innocentiemangonipiante.it\/fr\/corylus-avellana-red-majestic\/","title":{"rendered":"CORYLUS avellana &lsquo;Red Majestic&rsquo; \u00ae"},"content":{"rendered":"<p>Arbuste avec branches tortueuses tr\u00e8s attrayantes, feuillage pourpre tr\u00e8s visible et chatons pleureurs de couleur pourpre. Indiqu\u00e9e pour petits jardins.<\/p>\n","protected":false},"excerpt":{"rendered":"<p>Arbuste avec branches tortueuses tr\u00e8s attrayantes, feuillage pourpre tr\u00e8s visible et chatons pleureurs de couleur pourpre. Indiqu\u00e9e pour petits jardins.<\/p>\n","protected":false},"featured_media":2024,"template":"","meta":{"_acf_changed":false},"product_brand":[],"product_cat":[8812],"product_tag":[10897,8400],"class_list":{"0":"post-12654","1":"product","2":"type-product","3":"status-publish","4":"has-post-thumbnail","6":"product_cat-arbres-et-arbustes-a-feuilles-caduques","7":"product_tag-naturelle","8":"product_tag-tige","9":"pa_altezza-massima-800-fr","10":"pa_altezza-massima-12-metres","11":"pa_colore-fioritura-jaune","12":"pa_condizionamento-clt-fr","13":"pa_condizionamento-motte","14":"pa_condizionamento-pot-carre","15":"pa_famiglia-corylaceae-fr","16":"pa_genere-corylus-fr","17":"pa_inquinamento-resistance-a-la-pollution","18":"pa_origine-allemagne","19":"pa_periodo-fioritura-avril","20":"pa_periodo-fioritura-mai","21":"pa_resistenza-climatica-tres-elevee","22":"pa_resistenza-del-suolo-resistant-au-sol-humide","23":"pa_resistenza-del-suolo-resistant-aux-sols-calcaires","24":"pa_resistenza-del-suolo-resistant-aux-sols-secs","26":"first","27":"instock","28":"purchasable","29":"product-type-simple"},"acf":[],"_links":{"self":[{"href":"https:\/\/innocentiemangonipiante.it\/fr\/wp-json\/wp\/v2\/product\/12654","targetHints":{"allow":["GET"]}}],"collection":[{"href":"https:\/\/innocentiemangonipiante.it\/fr\/wp-json\/wp\/v2\/product"}],"about":[{"href":"https:\/\/innocentiemangonipiante.it\/fr\/wp-json\/wp\/v2\/types\/product"}],"wp:featuredmedia":[{"embeddable":true,"href":"https:\/\/innocentiemangonipiante.it\/fr\/wp-json\/wp\/v2\/media\/2024"}],"wp:attachment":[{"href":"https:\/\/innocentiemangonipiante.it\/fr\/wp-json\/wp\/v2\/media?parent=12654"}],"wp:term":[{"taxonomy":"product_brand","embeddable":true,"href":"https:\/\/innocentiemangonipiante.it\/fr\/wp-json\/wp\/v2\/product_brand?post=12654"},{"taxonomy":"product_cat","embeddable":true,"href":"https:\/\/innocentiemangonipiante.it\/fr\/wp-json\/wp\/v2\/product_cat?post=12654"},{"taxonomy":"product_tag","embeddable":true,"href":"https:\/\/innocentiemangonipiante.it\/fr\/wp-json\/wp\/v2\/product_tag?post=12654"}],"curies":[{"name":"wp","href":"https:\/\/api.w.org\/{rel}","templated":true}]}}