{"id":12655,"date":"2023-11-04T00:28:54","date_gmt":"2023-11-03T23:28:54","guid":{"rendered":"http:\/\/innocentiemangonipiante.it\/corylus-avellana-contorta\/"},"modified":"2023-11-06T14:28:06","modified_gmt":"2023-11-06T13:28:06","slug":"corylus-avellana-contorta","status":"publish","type":"product","link":"https:\/\/innocentiemangonipiante.it\/fr\/corylus-avellana-contorta\/","title":{"rendered":"CORYLUS avellana &lsquo;Contorta&rsquo;"},"content":{"rendered":"<p>\u201cNoisetier tortueux\u201d. Grand arbuste \u00e0 feuille caduque au port d\u2019abord \u00e9rig\u00e9 et puis retombant avec les ann\u00e9es. Les branches sont fortement tordues et ondul\u00e9es, rigides et fragiles. Les feuilles, l\u00e9g\u00e8rement arrondies, sont de couleur vert fonc\u00e9 et deviennent jaune d\u2019or en automne. Il donne des magnifiques chatons retombants de couleur jaune au d\u00e9but du printemps.<\/p>\n","protected":false},"excerpt":{"rendered":"<p>\u201cNoisetier tortueux\u201d. Grand arbuste \u00e0 feuille caduque au port d\u2019abord \u00e9rig\u00e9 et puis retombant avec les ann\u00e9es. Les branches sont fortement tordues et ondul\u00e9es, rigides et fragiles. Les feuilles, l\u00e9g\u00e8rement arrondies, sont de couleur vert fonc\u00e9 et deviennent jaune d\u2019or en automne. Il donne des magnifiques chatons retombants de couleur jaune au d\u00e9but du printemps.<\/p>\n","protected":false},"featured_media":2018,"template":"","meta":{"_acf_changed":false},"product_brand":[],"product_cat":[8812],"product_tag":[10897],"class_list":{"0":"post-12655","1":"product","2":"type-product","3":"status-publish","4":"has-post-thumbnail","6":"product_cat-arbres-et-arbustes-a-feuilles-caduques","7":"product_tag-naturelle","8":"pa_altezza-massima-400-fr","9":"pa_altezza-massima-600-fr","10":"pa_colore-fioritura-jaune","11":"pa_condizionamento-clt-fr","12":"pa_famiglia-corylaceae-fr","13":"pa_genere-corylus-fr","14":"pa_origine-europe-mediterraneenne","15":"pa_periodo-fioritura-avril","16":"pa_periodo-fioritura-mai","17":"pa_resistenza-climatica-tres-elevee","18":"pa_resistenza-del-suolo-resistant-au-sol-humide","19":"pa_resistenza-del-suolo-resistant-aux-sols-calcaires","21":"first","22":"instock","23":"purchasable","24":"product-type-simple"},"acf":[],"_links":{"self":[{"href":"https:\/\/innocentiemangonipiante.it\/fr\/wp-json\/wp\/v2\/product\/12655","targetHints":{"allow":["GET"]}}],"collection":[{"href":"https:\/\/innocentiemangonipiante.it\/fr\/wp-json\/wp\/v2\/product"}],"about":[{"href":"https:\/\/innocentiemangonipiante.it\/fr\/wp-json\/wp\/v2\/types\/product"}],"wp:featuredmedia":[{"embeddable":true,"href":"https:\/\/innocentiemangonipiante.it\/fr\/wp-json\/wp\/v2\/media\/2018"}],"wp:attachment":[{"href":"https:\/\/innocentiemangonipiante.it\/fr\/wp-json\/wp\/v2\/media?parent=12655"}],"wp:term":[{"taxonomy":"product_brand","embeddable":true,"href":"https:\/\/innocentiemangonipiante.it\/fr\/wp-json\/wp\/v2\/product_brand?post=12655"},{"taxonomy":"product_cat","embeddable":true,"href":"https:\/\/innocentiemangonipiante.it\/fr\/wp-json\/wp\/v2\/product_cat?post=12655"},{"taxonomy":"product_tag","embeddable":true,"href":"https:\/\/innocentiemangonipiante.it\/fr\/wp-json\/wp\/v2\/product_tag?post=12655"}],"curies":[{"name":"wp","href":"https:\/\/api.w.org\/{rel}","templated":true}]}}