{"id":12659,"date":"2023-11-04T00:30:33","date_gmt":"2023-11-03T23:30:33","guid":{"rendered":"http:\/\/innocentiemangonipiante.it\/cotinus-coggygria-young-lady\/"},"modified":"2023-11-06T14:28:44","modified_gmt":"2023-11-06T13:28:44","slug":"cotinus-coggygria-young-lady","status":"publish","type":"product","link":"https:\/\/innocentiemangonipiante.it\/fr\/cotinus-coggygria-young-lady\/","title":{"rendered":"COTINUS coggygria &lsquo;Young Lady&rsquo; \u00ae"},"content":{"rendered":"<p>Le feuillage est d\u2019un attrayant vert moyen. Au d\u00e9but de l\u2019\u00e9t\u00e9 tr\u00e8s abondante fleuraison.<\/p>\n","protected":false},"excerpt":{"rendered":"<p>Le feuillage est d\u2019un attrayant vert moyen. Au d\u00e9but de l\u2019\u00e9t\u00e9 tr\u00e8s abondante fleuraison.<\/p>\n","protected":false},"featured_media":21662,"template":"","meta":{"_acf_changed":false},"product_brand":[],"product_cat":[8812],"product_tag":[10897],"class_list":{"0":"post-12659","1":"product","2":"type-product","3":"status-publish","4":"has-post-thumbnail","6":"product_cat-arbres-et-arbustes-a-feuilles-caduques","7":"product_tag-naturelle","8":"pa_altezza-massima-300-fr-2","9":"pa_altezza-massima-500-fr","10":"pa_colore-fioritura-jaune","11":"pa_condizionamento-clt-fr","12":"pa_famiglia-anacardiaceae-fr","13":"pa_genere-cotinus-fr","14":"pa_origine-moyen-orient","15":"pa_periodo-fioritura-juillet","16":"pa_periodo-fioritura-juin","17":"pa_portamento-cespuglioso-fr","18":"pa_resistenza-climatica-tres-elevee","19":"pa_resistenza-del-suolo-resistant-aux-sols-calcaires","20":"pa_resistenza-del-suolo-resistant-aux-sols-secs","21":"pa_utilizzo-parcs","22":"pa_utilizzo-petits-jardins","24":"first","25":"instock","26":"purchasable","27":"product-type-simple"},"acf":[],"_links":{"self":[{"href":"https:\/\/innocentiemangonipiante.it\/fr\/wp-json\/wp\/v2\/product\/12659","targetHints":{"allow":["GET"]}}],"collection":[{"href":"https:\/\/innocentiemangonipiante.it\/fr\/wp-json\/wp\/v2\/product"}],"about":[{"href":"https:\/\/innocentiemangonipiante.it\/fr\/wp-json\/wp\/v2\/types\/product"}],"wp:featuredmedia":[{"embeddable":true,"href":"https:\/\/innocentiemangonipiante.it\/fr\/wp-json\/wp\/v2\/media\/21662"}],"wp:attachment":[{"href":"https:\/\/innocentiemangonipiante.it\/fr\/wp-json\/wp\/v2\/media?parent=12659"}],"wp:term":[{"taxonomy":"product_brand","embeddable":true,"href":"https:\/\/innocentiemangonipiante.it\/fr\/wp-json\/wp\/v2\/product_brand?post=12659"},{"taxonomy":"product_cat","embeddable":true,"href":"https:\/\/innocentiemangonipiante.it\/fr\/wp-json\/wp\/v2\/product_cat?post=12659"},{"taxonomy":"product_tag","embeddable":true,"href":"https:\/\/innocentiemangonipiante.it\/fr\/wp-json\/wp\/v2\/product_tag?post=12659"}],"curies":[{"name":"wp","href":"https:\/\/api.w.org\/{rel}","templated":true}]}}