{"id":12660,"date":"2023-11-04T00:30:19","date_gmt":"2023-11-03T23:30:19","guid":{"rendered":"http:\/\/innocentiemangonipiante.it\/cotinus-coggygria-royal-purple\/"},"modified":"2023-11-06T14:28:38","modified_gmt":"2023-11-06T13:28:38","slug":"cotinus-coggygria-royal-purple","status":"publish","type":"product","link":"https:\/\/innocentiemangonipiante.it\/fr\/cotinus-coggygria-royal-purple\/","title":{"rendered":"COTINUS coggygria &lsquo;Royal Purple&rsquo;"},"content":{"rendered":"<p>Arbuste \u00e0 feuille caduque de taille moyenne au port \u00e9rig\u00e9 \u00e0 l\u2019\u00e2ge jeune et ample de fa\u00e7on irr\u00e9guli\u00e8re ensuite. Les feuilles, altern\u00e9es, d\u2019ovo\u00efdales \u00e0 elliptiques, de couleur rouge fonc\u00e9, presque pourpre, mesurent jusqu\u2019\u00e0 7 \u00e0 8 cm et se colorent de jaune \u00e0 orange en automne. En juin-juillet, on a des fleurs jaune-rouge\u00e2tre en panicules finales d\u2019une longueur de 20 cm.<\/p>\n","protected":false},"excerpt":{"rendered":"<p>Arbuste \u00e0 feuille caduque de taille moyenne au port \u00e9rig\u00e9 \u00e0 l\u2019\u00e2ge jeune et ample de fa\u00e7on irr\u00e9guli\u00e8re ensuite. Les feuilles, altern\u00e9es, d\u2019ovo\u00efdales \u00e0 elliptiques, de couleur rouge fonc\u00e9, presque pourpre, mesurent jusqu\u2019\u00e0 7 \u00e0 8 cm et se colorent de jaune \u00e0 orange en automne. En juin-juillet, on a des fleurs jaune-rouge\u00e2tre en panicules [&hellip;]<\/p>\n","protected":false},"featured_media":2055,"template":"","meta":{"_acf_changed":false},"product_brand":[],"product_cat":[8812],"product_tag":[10897,8735],"class_list":{"0":"post-12660","1":"product","2":"type-product","3":"status-publish","4":"has-post-thumbnail","6":"product_cat-arbres-et-arbustes-a-feuilles-caduques","7":"product_tag-naturelle","8":"product_tag-quart-de-tige","9":"pa_altezza-massima-300-fr-2","10":"pa_altezza-massima-400-fr","11":"pa_colore-delle-foglie-rouge","12":"pa_colore-fioritura-jaune","13":"pa_condizionamento-clt-fr","14":"pa_condizionamento-vs-fr","15":"pa_famiglia-anacardiaceae-fr","16":"pa_genere-cotinus-fr","17":"pa_origine-europe-fr","18":"pa_periodo-fioritura-juillet","19":"pa_periodo-fioritura-juin","20":"pa_portamento-allargato-fr","21":"pa_resistenza-climatica-tres-elevee","22":"pa_resistenza-del-suolo-resistant-aux-sols-calcaires","23":"pa_resistenza-del-suolo-resistant-aux-sols-secs","24":"pa_utilizzo-parcs","25":"pa_utilizzo-petits-jardins","27":"first","28":"instock","29":"purchasable","30":"product-type-simple"},"acf":[],"_links":{"self":[{"href":"https:\/\/innocentiemangonipiante.it\/fr\/wp-json\/wp\/v2\/product\/12660","targetHints":{"allow":["GET"]}}],"collection":[{"href":"https:\/\/innocentiemangonipiante.it\/fr\/wp-json\/wp\/v2\/product"}],"about":[{"href":"https:\/\/innocentiemangonipiante.it\/fr\/wp-json\/wp\/v2\/types\/product"}],"wp:featuredmedia":[{"embeddable":true,"href":"https:\/\/innocentiemangonipiante.it\/fr\/wp-json\/wp\/v2\/media\/2055"}],"wp:attachment":[{"href":"https:\/\/innocentiemangonipiante.it\/fr\/wp-json\/wp\/v2\/media?parent=12660"}],"wp:term":[{"taxonomy":"product_brand","embeddable":true,"href":"https:\/\/innocentiemangonipiante.it\/fr\/wp-json\/wp\/v2\/product_brand?post=12660"},{"taxonomy":"product_cat","embeddable":true,"href":"https:\/\/innocentiemangonipiante.it\/fr\/wp-json\/wp\/v2\/product_cat?post=12660"},{"taxonomy":"product_tag","embeddable":true,"href":"https:\/\/innocentiemangonipiante.it\/fr\/wp-json\/wp\/v2\/product_tag?post=12660"}],"curies":[{"name":"wp","href":"https:\/\/api.w.org\/{rel}","templated":true}]}}