{"id":12665,"date":"2023-11-04T00:31:35","date_gmt":"2023-11-03T23:31:35","guid":{"rendered":"http:\/\/innocentiemangonipiante.it\/crataegus-monogyna-stricta\/"},"modified":"2023-11-06T14:29:08","modified_gmt":"2023-11-06T13:29:08","slug":"crataegus-monogyna-stricta","status":"publish","type":"product","link":"https:\/\/innocentiemangonipiante.it\/fr\/crataegus-monogyna-stricta\/","title":{"rendered":"CRATAEGUS monogyna &lsquo;Stricta&rsquo;"},"content":{"rendered":"<p>Petit arbre \u00e0 feuille caduque au port \u00e9rig\u00e9, dense et colonnaire. Les feuilles altern\u00e9es, de forme ovo\u00efdale, \u00e0 3, 5 ou 7 lobes, luisantes, de couleur vert fonc\u00e9, mesurent jusqu\u2019\u00e0 5 \u00e0 6 cm. En mai-juin, s\u2019\u00e9panouissent des fleurs simples, blanches, rassembl\u00e9es en groupes de 6 \u00e0 12 \u00e9l\u00e9ments suivies de fruits sph\u00e9riques, brillants de couleur rouge fonc\u00e9.<\/p>\n","protected":false},"excerpt":{"rendered":"<p>Petit arbre \u00e0 feuille caduque au port \u00e9rig\u00e9, dense et colonnaire. Les feuilles altern\u00e9es, de forme ovo\u00efdale, \u00e0 3, 5 ou 7 lobes, luisantes, de couleur vert fonc\u00e9, mesurent jusqu\u2019\u00e0 5 \u00e0 6 cm. En mai-juin, s\u2019\u00e9panouissent des fleurs simples, blanches, rassembl\u00e9es en groupes de 6 \u00e0 12 \u00e9l\u00e9ments suivies de fruits sph\u00e9riques, brillants de [&hellip;]<\/p>\n","protected":false},"featured_media":2104,"template":"","meta":{"_acf_changed":false},"product_brand":[],"product_cat":[8812],"product_tag":[10897,8400],"class_list":{"0":"post-12665","1":"product","2":"type-product","3":"status-publish","4":"has-post-thumbnail","6":"product_cat-arbres-et-arbustes-a-feuilles-caduques","7":"product_tag-naturelle","8":"product_tag-tige","9":"pa_altezza-massima-500-fr","10":"pa_altezza-massima-800-fr","11":"pa_colore-fioritura-blanc","12":"pa_condizionamento-clt-fr","13":"pa_condizionamento-motte","14":"pa_famiglia-rosaceae-fr","15":"pa_genere-crataegus-fr","16":"pa_origine-europe-mediterraneenne","17":"pa_periodo-fioritura-juin","18":"pa_periodo-fioritura-mai","19":"pa_portamento-de-colonne","20":"pa_profumo-delicat","21":"pa_resistenza-climatica-tres-elevee","22":"pa_resistenza-del-suolo-resistant-aux-sols-calcaires","23":"pa_resistenza-del-suolo-resistant-aux-sols-pauvres","24":"pa_utilizzo-parcs","25":"pa_utilizzo-petits-jardins","27":"first","28":"instock","29":"purchasable","30":"product-type-simple"},"acf":[],"_links":{"self":[{"href":"https:\/\/innocentiemangonipiante.it\/fr\/wp-json\/wp\/v2\/product\/12665","targetHints":{"allow":["GET"]}}],"collection":[{"href":"https:\/\/innocentiemangonipiante.it\/fr\/wp-json\/wp\/v2\/product"}],"about":[{"href":"https:\/\/innocentiemangonipiante.it\/fr\/wp-json\/wp\/v2\/types\/product"}],"wp:featuredmedia":[{"embeddable":true,"href":"https:\/\/innocentiemangonipiante.it\/fr\/wp-json\/wp\/v2\/media\/2104"}],"wp:attachment":[{"href":"https:\/\/innocentiemangonipiante.it\/fr\/wp-json\/wp\/v2\/media?parent=12665"}],"wp:term":[{"taxonomy":"product_brand","embeddable":true,"href":"https:\/\/innocentiemangonipiante.it\/fr\/wp-json\/wp\/v2\/product_brand?post=12665"},{"taxonomy":"product_cat","embeddable":true,"href":"https:\/\/innocentiemangonipiante.it\/fr\/wp-json\/wp\/v2\/product_cat?post=12665"},{"taxonomy":"product_tag","embeddable":true,"href":"https:\/\/innocentiemangonipiante.it\/fr\/wp-json\/wp\/v2\/product_tag?post=12665"}],"curies":[{"name":"wp","href":"https:\/\/api.w.org\/{rel}","templated":true}]}}