{"id":12667,"date":"2023-11-04T00:31:21","date_gmt":"2023-11-03T23:31:21","guid":{"rendered":"http:\/\/innocentiemangonipiante.it\/crataegus-laevigata-pauls-scarlet\/"},"modified":"2023-11-06T14:29:02","modified_gmt":"2023-11-06T13:29:02","slug":"crataegus-laevigata-pauls-scarlet","status":"publish","type":"product","link":"https:\/\/innocentiemangonipiante.it\/fr\/crataegus-laevigata-pauls-scarlet\/","title":{"rendered":"CRATAEGUS laevigata&rsquo; Paul&rsquo;s Scarlet&rsquo;"},"content":{"rendered":"<p>Feuilles altern\u00e9es, de 3 \u00e0 5 lobes, l\u00e9g\u00e8rement ovo\u00efdales de couleur vert fonc\u00e9 et vert clair sur la face inf\u00e9rieure. De mai \u00e0 juin, il donne des fleurs doubles abondantes de couleur rose fonc\u00e9-rouge vif. Tr\u00e8s rustique m\u00eame au grand froid. Il supporte bien beaucoup de types de sols. Adapt\u00e9 \u00e0 trottoirs et alignements.<\/p>\n","protected":false},"excerpt":{"rendered":"<p>Feuilles altern\u00e9es, de 3 \u00e0 5 lobes, l\u00e9g\u00e8rement ovo\u00efdales de couleur vert fonc\u00e9 et vert clair sur la face inf\u00e9rieure. De mai \u00e0 juin, il donne des fleurs doubles abondantes de couleur rose fonc\u00e9-rouge vif. Tr\u00e8s rustique m\u00eame au grand froid. Il supporte bien beaucoup de types de sols. Adapt\u00e9 \u00e0 trottoirs et alignements.<\/p>\n","protected":false},"featured_media":2092,"template":"","meta":{"_acf_changed":false},"product_brand":[],"product_cat":[8812],"product_tag":[10897,8596,8400],"class_list":{"0":"post-12667","1":"product","2":"type-product","3":"status-publish","4":"has-post-thumbnail","6":"product_cat-arbres-et-arbustes-a-feuilles-caduques","7":"product_tag-naturelle","8":"product_tag-cepee","9":"product_tag-tige","10":"pa_altezza-massima-400-fr","11":"pa_altezza-massima-600-fr","12":"pa_colore-fioritura-rose","13":"pa_condizionamento-clt-fr","14":"pa_condizionamento-motte","15":"pa_famiglia-rosaceae-fr","16":"pa_genere-crataegus-fr","17":"pa_origine-angleterre","18":"pa_periodo-fioritura-juin","19":"pa_periodo-fioritura-mai","20":"pa_portamento-arrondi","21":"pa_resistenza-climatica-tres-elevee","22":"pa_resistenza-del-suolo-resistant-aux-sols-calcaires","23":"pa_resistenza-del-suolo-resistant-aux-sols-pauvres","24":"pa_utilizzo-parcs","25":"pa_utilizzo-petits-jardins","27":"first","28":"instock","29":"purchasable","30":"product-type-simple"},"acf":[],"_links":{"self":[{"href":"https:\/\/innocentiemangonipiante.it\/fr\/wp-json\/wp\/v2\/product\/12667","targetHints":{"allow":["GET"]}}],"collection":[{"href":"https:\/\/innocentiemangonipiante.it\/fr\/wp-json\/wp\/v2\/product"}],"about":[{"href":"https:\/\/innocentiemangonipiante.it\/fr\/wp-json\/wp\/v2\/types\/product"}],"wp:featuredmedia":[{"embeddable":true,"href":"https:\/\/innocentiemangonipiante.it\/fr\/wp-json\/wp\/v2\/media\/2092"}],"wp:attachment":[{"href":"https:\/\/innocentiemangonipiante.it\/fr\/wp-json\/wp\/v2\/media?parent=12667"}],"wp:term":[{"taxonomy":"product_brand","embeddable":true,"href":"https:\/\/innocentiemangonipiante.it\/fr\/wp-json\/wp\/v2\/product_brand?post=12667"},{"taxonomy":"product_cat","embeddable":true,"href":"https:\/\/innocentiemangonipiante.it\/fr\/wp-json\/wp\/v2\/product_cat?post=12667"},{"taxonomy":"product_tag","embeddable":true,"href":"https:\/\/innocentiemangonipiante.it\/fr\/wp-json\/wp\/v2\/product_tag?post=12667"}],"curies":[{"name":"wp","href":"https:\/\/api.w.org\/{rel}","templated":true}]}}