{"id":12668,"date":"2023-11-04T00:31:50","date_gmt":"2023-11-03T23:31:50","guid":{"rendered":"http:\/\/innocentiemangonipiante.it\/crataegus-x-lavallei-carrierei\/"},"modified":"2023-11-06T14:29:13","modified_gmt":"2023-11-06T13:29:13","slug":"crataegus-x-lavallei-carrierei","status":"publish","type":"product","link":"https:\/\/innocentiemangonipiante.it\/fr\/crataegus-x-lavallei-carrierei\/","title":{"rendered":"CRATAEGUS x lavallei &lsquo;Carrierei&rsquo;"},"content":{"rendered":"<p>Petit arbre \u00e0 feuille caduque au port ample. Les feuilles sont altern\u00e9es, elliptiques, allong\u00e9es, de couleur vert fonc\u00e9 et mesurent de 8 \u00e0 15 cm. En mai, s\u2019\u00e9panouissent des fleurs blanches d\u2019une largeur allant jusqu\u2019\u00e0 2 cm, dispos\u00e9es en panicules, suivies de fruits de couleur rouge orang\u00e9 en forme de baie. Tr\u00e8s rustique, il convient bien pour les zones difficiles comme arbuste ou petit arbre de trottoir ou terrasse.<\/p>\n","protected":false},"excerpt":{"rendered":"<p>Petit arbre \u00e0 feuille caduque au port ample. Les feuilles sont altern\u00e9es, elliptiques, allong\u00e9es, de couleur vert fonc\u00e9 et mesurent de 8 \u00e0 15 cm. En mai, s\u2019\u00e9panouissent des fleurs blanches d\u2019une largeur allant jusqu\u2019\u00e0 2 cm, dispos\u00e9es en panicules, suivies de fruits de couleur rouge orang\u00e9 en forme de baie. Tr\u00e8s rustique, il convient [&hellip;]<\/p>\n","protected":false},"featured_media":2111,"template":"","meta":{"_acf_changed":false},"product_brand":[],"product_cat":[8812],"product_tag":[10897,8400],"class_list":{"0":"post-12668","1":"product","2":"type-product","3":"status-publish","4":"has-post-thumbnail","6":"product_cat-arbres-et-arbustes-a-feuilles-caduques","7":"product_tag-naturelle","8":"product_tag-tige","9":"pa_altezza-massima-500-fr","10":"pa_altezza-massima-800-fr","11":"pa_colore-fioritura-blanc","12":"pa_condizionamento-clt-fr","13":"pa_condizionamento-motte","14":"pa_famiglia-rosaceae-fr","15":"pa_genere-crataegus-fr","16":"pa_inquinamento-resistance-a-la-pollution","17":"pa_origine-france-fr","18":"pa_periodo-fioritura-mai","19":"pa_portamento-allargato-fr","20":"pa_profumo-intense-fr","21":"pa_resistenza-climatica-tres-elevee","22":"pa_resistenza-del-suolo-resistant-aux-sols-calcaires","23":"pa_resistenza-del-suolo-resistant-aux-sols-pauvres","24":"pa_utilizzo-avenues-fr","25":"pa_utilizzo-parcs","26":"pa_utilizzo-petits-jardins","28":"first","29":"instock","30":"purchasable","31":"product-type-simple"},"acf":[],"_links":{"self":[{"href":"https:\/\/innocentiemangonipiante.it\/fr\/wp-json\/wp\/v2\/product\/12668","targetHints":{"allow":["GET"]}}],"collection":[{"href":"https:\/\/innocentiemangonipiante.it\/fr\/wp-json\/wp\/v2\/product"}],"about":[{"href":"https:\/\/innocentiemangonipiante.it\/fr\/wp-json\/wp\/v2\/types\/product"}],"wp:featuredmedia":[{"embeddable":true,"href":"https:\/\/innocentiemangonipiante.it\/fr\/wp-json\/wp\/v2\/media\/2111"}],"wp:attachment":[{"href":"https:\/\/innocentiemangonipiante.it\/fr\/wp-json\/wp\/v2\/media?parent=12668"}],"wp:term":[{"taxonomy":"product_brand","embeddable":true,"href":"https:\/\/innocentiemangonipiante.it\/fr\/wp-json\/wp\/v2\/product_brand?post=12668"},{"taxonomy":"product_cat","embeddable":true,"href":"https:\/\/innocentiemangonipiante.it\/fr\/wp-json\/wp\/v2\/product_cat?post=12668"},{"taxonomy":"product_tag","embeddable":true,"href":"https:\/\/innocentiemangonipiante.it\/fr\/wp-json\/wp\/v2\/product_tag?post=12668"}],"curies":[{"name":"wp","href":"https:\/\/api.w.org\/{rel}","templated":true}]}}