{"id":12669,"date":"2023-11-04T00:31:41","date_gmt":"2023-11-03T23:31:41","guid":{"rendered":"http:\/\/innocentiemangonipiante.it\/crataegus-x-grignonensis\/"},"modified":"2023-11-06T14:29:11","modified_gmt":"2023-11-06T13:29:11","slug":"crataegus-x-grignonensis","status":"publish","type":"product","link":"https:\/\/innocentiemangonipiante.it\/fr\/crataegus-x-grignonensis\/","title":{"rendered":"CRATAEGUS x grignonensis"},"content":{"rendered":"<p>Port \u00e9largi, feuilles ov\u00e9es jusqu\u2019\u00e0 6cm, de couleur vert fonc\u00e9. Il produit fleurs blanc-ros\u00e9 en june suivies par des fruits rouge-marron de 1,5cm de diam\u00e8tre.<\/p>\n","protected":false},"excerpt":{"rendered":"<p>Port \u00e9largi, feuilles ov\u00e9es jusqu\u2019\u00e0 6cm, de couleur vert fonc\u00e9. Il produit fleurs blanc-ros\u00e9 en june suivies par des fruits rouge-marron de 1,5cm de diam\u00e8tre.<\/p>\n","protected":false},"featured_media":0,"template":"","meta":{"_acf_changed":false},"product_brand":[],"product_cat":[8812],"product_tag":[10897,8400],"class_list":{"0":"post-12669","1":"product","2":"type-product","3":"status-publish","5":"product_cat-arbres-et-arbustes-a-feuilles-caduques","6":"product_tag-naturelle","7":"product_tag-tige","8":"pa_altezza-massima-500-fr","9":"pa_altezza-massima-800-fr","10":"pa_colore-fioritura-blanc","11":"pa_condizionamento-clt-fr","12":"pa_condizionamento-motte","13":"pa_famiglia-rosaceae-fr","14":"pa_genere-crataegus-fr","15":"pa_origine-ouest-europeen","16":"pa_periodo-fioritura-juin","17":"pa_portamento-allargato-fr","18":"pa_profumo-intense-fr","19":"pa_resistenza-climatica-tres-elevee","20":"pa_resistenza-del-suolo-resistant-aux-sols-calcaires","21":"pa_resistenza-del-suolo-resistant-aux-sols-pauvres","22":"pa_utilizzo-parcs","23":"pa_utilizzo-petits-jardins","25":"first","26":"instock","27":"purchasable","28":"product-type-simple"},"acf":[],"_links":{"self":[{"href":"https:\/\/innocentiemangonipiante.it\/fr\/wp-json\/wp\/v2\/product\/12669","targetHints":{"allow":["GET"]}}],"collection":[{"href":"https:\/\/innocentiemangonipiante.it\/fr\/wp-json\/wp\/v2\/product"}],"about":[{"href":"https:\/\/innocentiemangonipiante.it\/fr\/wp-json\/wp\/v2\/types\/product"}],"wp:attachment":[{"href":"https:\/\/innocentiemangonipiante.it\/fr\/wp-json\/wp\/v2\/media?parent=12669"}],"wp:term":[{"taxonomy":"product_brand","embeddable":true,"href":"https:\/\/innocentiemangonipiante.it\/fr\/wp-json\/wp\/v2\/product_brand?post=12669"},{"taxonomy":"product_cat","embeddable":true,"href":"https:\/\/innocentiemangonipiante.it\/fr\/wp-json\/wp\/v2\/product_cat?post=12669"},{"taxonomy":"product_tag","embeddable":true,"href":"https:\/\/innocentiemangonipiante.it\/fr\/wp-json\/wp\/v2\/product_tag?post=12669"}],"curies":[{"name":"wp","href":"https:\/\/api.w.org\/{rel}","templated":true}]}}