{"id":12671,"date":"2023-11-04T00:32:26","date_gmt":"2023-11-03T23:32:26","guid":{"rendered":"http:\/\/innocentiemangonipiante.it\/cryptomeria-japonica-globosa-nana\/"},"modified":"2023-11-06T14:29:26","modified_gmt":"2023-11-06T13:29:26","slug":"cryptomeria-japonica-globosa-nana","status":"publish","type":"product","link":"https:\/\/innocentiemangonipiante.it\/fr\/cryptomeria-japonica-globosa-nana\/","title":{"rendered":"CRYPTOMERIA japonica &lsquo;Globosa Nana&rsquo;"},"content":{"rendered":"<p>Conif\u00e8re nain au port compact et arrondi. Le feuillage est dense, constitu\u00e9 de folioles rigides, dispos\u00e9es verticalement sur des rameaux retombants de couleur vert brillant.<\/p>\n","protected":false},"excerpt":{"rendered":"<p>Conif\u00e8re nain au port compact et arrondi. Le feuillage est dense, constitu\u00e9 de folioles rigides, dispos\u00e9es verticalement sur des rameaux retombants de couleur vert brillant.<\/p>\n","protected":false},"featured_media":2124,"template":"","meta":{"_acf_changed":false},"product_brand":[],"product_cat":[8824],"product_tag":[10897],"class_list":{"0":"post-12671","1":"product","2":"type-product","3":"status-publish","4":"has-post-thumbnail","6":"product_cat-coniferes","7":"product_tag-naturelle","8":"pa_altezza-massima-200-fr","9":"pa_altezza-massima-300-fr-2","10":"pa_famiglia-taxodiaceae-fr","11":"pa_genere-cryptomeria-fr","12":"pa_origine-asie-orientale","13":"pa_portamento-arrondi","14":"pa_resistenza-climatica-tres-elevee","15":"pa_resistenza-del-suolo-resistant-aux-sols-pauvres","16":"pa_salinita-resistance-a-la-salinisation","17":"pa_utilizzo-petits-jardins","19":"first","20":"instock","21":"purchasable","22":"product-type-simple"},"acf":[],"_links":{"self":[{"href":"https:\/\/innocentiemangonipiante.it\/fr\/wp-json\/wp\/v2\/product\/12671","targetHints":{"allow":["GET"]}}],"collection":[{"href":"https:\/\/innocentiemangonipiante.it\/fr\/wp-json\/wp\/v2\/product"}],"about":[{"href":"https:\/\/innocentiemangonipiante.it\/fr\/wp-json\/wp\/v2\/types\/product"}],"wp:featuredmedia":[{"embeddable":true,"href":"https:\/\/innocentiemangonipiante.it\/fr\/wp-json\/wp\/v2\/media\/2124"}],"wp:attachment":[{"href":"https:\/\/innocentiemangonipiante.it\/fr\/wp-json\/wp\/v2\/media?parent=12671"}],"wp:term":[{"taxonomy":"product_brand","embeddable":true,"href":"https:\/\/innocentiemangonipiante.it\/fr\/wp-json\/wp\/v2\/product_brand?post=12671"},{"taxonomy":"product_cat","embeddable":true,"href":"https:\/\/innocentiemangonipiante.it\/fr\/wp-json\/wp\/v2\/product_cat?post=12671"},{"taxonomy":"product_tag","embeddable":true,"href":"https:\/\/innocentiemangonipiante.it\/fr\/wp-json\/wp\/v2\/product_tag?post=12671"}],"curies":[{"name":"wp","href":"https:\/\/api.w.org\/{rel}","templated":true}]}}