{"id":12672,"date":"2023-11-04T00:31:57","date_gmt":"2023-11-03T23:31:57","guid":{"rendered":"http:\/\/innocentiemangonipiante.it\/cryptomeria-japonica-araucarioides\/"},"modified":"2023-11-06T14:29:16","modified_gmt":"2023-11-06T13:29:16","slug":"cryptomeria-japonica-araucarioides","status":"publish","type":"product","link":"https:\/\/innocentiemangonipiante.it\/fr\/cryptomeria-japonica-araucarioides\/","title":{"rendered":"CRYPTOMERIA japonica &lsquo;Araucarioides&rsquo;"},"content":{"rendered":"<p>Vari\u00e9t\u00e9 \u00e0 la forme conique irr\u00e9guli\u00e8re, avec des branches tr\u00e8s longues, en saillie et pendantes. Les aiguilles sont de couleur verte, plus courtes et plus \u00e9paisses que celles des autres esp\u00e8ces.<\/p>\n","protected":false},"excerpt":{"rendered":"<p>Vari\u00e9t\u00e9 \u00e0 la forme conique irr\u00e9guli\u00e8re, avec des branches tr\u00e8s longues, en saillie et pendantes. Les aiguilles sont de couleur verte, plus courtes et plus \u00e9paisses que celles des autres esp\u00e8ces.<\/p>\n","protected":false},"featured_media":2117,"template":"","meta":{"_acf_changed":false},"product_brand":[],"product_cat":[8824],"product_tag":[10897],"class_list":{"0":"post-12672","1":"product","2":"type-product","3":"status-publish","4":"has-post-thumbnail","6":"product_cat-coniferes","7":"product_tag-naturelle","8":"pa_altezza-massima-500-fr","9":"pa_altezza-massima-800-fr","10":"pa_condizionamento-clt-fr","11":"pa_famiglia-taxodiaceae-fr","12":"pa_genere-cryptomeria-fr","13":"pa_origine-japon","14":"pa_portamento-piramidale-fr","15":"pa_resistenza-climatica-moyenne-elevee","16":"pa_resistenza-del-suolo-resistant-aux-sols-pauvres","17":"pa_salinita-resistance-a-la-salinisation","18":"pa_utilizzo-parcs","20":"first","21":"instock","22":"purchasable","23":"product-type-simple"},"acf":[],"_links":{"self":[{"href":"https:\/\/innocentiemangonipiante.it\/fr\/wp-json\/wp\/v2\/product\/12672","targetHints":{"allow":["GET"]}}],"collection":[{"href":"https:\/\/innocentiemangonipiante.it\/fr\/wp-json\/wp\/v2\/product"}],"about":[{"href":"https:\/\/innocentiemangonipiante.it\/fr\/wp-json\/wp\/v2\/types\/product"}],"wp:featuredmedia":[{"embeddable":true,"href":"https:\/\/innocentiemangonipiante.it\/fr\/wp-json\/wp\/v2\/media\/2117"}],"wp:attachment":[{"href":"https:\/\/innocentiemangonipiante.it\/fr\/wp-json\/wp\/v2\/media?parent=12672"}],"wp:term":[{"taxonomy":"product_brand","embeddable":true,"href":"https:\/\/innocentiemangonipiante.it\/fr\/wp-json\/wp\/v2\/product_brand?post=12672"},{"taxonomy":"product_cat","embeddable":true,"href":"https:\/\/innocentiemangonipiante.it\/fr\/wp-json\/wp\/v2\/product_cat?post=12672"},{"taxonomy":"product_tag","embeddable":true,"href":"https:\/\/innocentiemangonipiante.it\/fr\/wp-json\/wp\/v2\/product_tag?post=12672"}],"curies":[{"name":"wp","href":"https:\/\/api.w.org\/{rel}","templated":true}]}}