{"id":12676,"date":"2023-11-04T00:32:51","date_gmt":"2023-11-03T23:32:51","guid":{"rendered":"http:\/\/innocentiemangonipiante.it\/cupressocyparis-leylandii-2001\/"},"modified":"2023-11-06T14:29:37","modified_gmt":"2023-11-06T13:29:37","slug":"cupressocyparis-leylandii-2001","status":"publish","type":"product","link":"https:\/\/innocentiemangonipiante.it\/fr\/cupressocyparis-leylandii-2001\/","title":{"rendered":"CUPRESSOCYPARIS leylandii &lsquo;2001&rsquo;"},"content":{"rendered":"<p>S\u00e9lection de r\u00e9cente introduction. Feuillage de couleur vert fonc\u00e9. Particulier de part son port naturellement pyramidal.<\/p>\n","protected":false},"excerpt":{"rendered":"<p>S\u00e9lection de r\u00e9cente introduction. Feuillage de couleur vert fonc\u00e9. Particulier de part son port naturellement pyramidal.<\/p>\n","protected":false},"featured_media":21698,"template":"","meta":{"_acf_changed":false},"product_brand":[],"product_cat":[8824],"product_tag":[10897,10955,6264],"class_list":{"0":"post-12676","1":"product","2":"type-product","3":"status-publish","4":"has-post-thumbnail","6":"product_cat-coniferes","7":"product_tag-naturelle","8":"product_tag-3-boules-superposes","9":"product_tag-spirale-fr","10":"pa_altezza-massima-15-metres","11":"pa_altezza-massima-20-metres","12":"pa_condizionamento-clt-fr","13":"pa_condizionamento-vs-fr","14":"pa_condizionamento-motte","15":"pa_famiglia-cupressaceae-fr","16":"pa_genere-cupressocyparis-fr","17":"pa_origine-italie","18":"pa_portamento-conico-fr","19":"pa_resistenza-climatica-tres-elevee","20":"pa_resistenza-del-suolo-resistant-aux-sols-pauvres","21":"pa_salinita-resistance-a-la-salinisation","22":"pa_utilizzo-haies","23":"pa_utilizzo-parcs","25":"first","26":"instock","27":"purchasable","28":"product-type-simple"},"acf":[],"_links":{"self":[{"href":"https:\/\/innocentiemangonipiante.it\/fr\/wp-json\/wp\/v2\/product\/12676","targetHints":{"allow":["GET"]}}],"collection":[{"href":"https:\/\/innocentiemangonipiante.it\/fr\/wp-json\/wp\/v2\/product"}],"about":[{"href":"https:\/\/innocentiemangonipiante.it\/fr\/wp-json\/wp\/v2\/types\/product"}],"wp:featuredmedia":[{"embeddable":true,"href":"https:\/\/innocentiemangonipiante.it\/fr\/wp-json\/wp\/v2\/media\/21698"}],"wp:attachment":[{"href":"https:\/\/innocentiemangonipiante.it\/fr\/wp-json\/wp\/v2\/media?parent=12676"}],"wp:term":[{"taxonomy":"product_brand","embeddable":true,"href":"https:\/\/innocentiemangonipiante.it\/fr\/wp-json\/wp\/v2\/product_brand?post=12676"},{"taxonomy":"product_cat","embeddable":true,"href":"https:\/\/innocentiemangonipiante.it\/fr\/wp-json\/wp\/v2\/product_cat?post=12676"},{"taxonomy":"product_tag","embeddable":true,"href":"https:\/\/innocentiemangonipiante.it\/fr\/wp-json\/wp\/v2\/product_tag?post=12676"}],"curies":[{"name":"wp","href":"https:\/\/api.w.org\/{rel}","templated":true}]}}