{"id":12678,"date":"2023-11-04T00:32:43","date_gmt":"2023-11-03T23:32:43","guid":{"rendered":"http:\/\/innocentiemangonipiante.it\/cupressocyparis-leylandii\/"},"modified":"2023-11-06T14:29:31","modified_gmt":"2023-11-06T13:29:31","slug":"cupressocyparis-leylandii","status":"publish","type":"product","link":"https:\/\/innocentiemangonipiante.it\/fr\/cupressocyparis-leylandii\/","title":{"rendered":"CUPRESSOCYPARIS leylandii"},"content":{"rendered":"<p>Conif\u00e8re au port conique et r\u00e9gulier et \u00e0 la croissance tr\u00e8s rapide. Feuillage tr\u00e8s dense et compact, squamiforme, de couleur vert intense. Tr\u00e8s tol\u00e9rant \u00e0 tous les sols et climats. R\u00e9siste en bord de mer. Arbre facile, qui appr\u00e9cie d\u2019\u00eatre taill\u00e9 \u00e0 la transplantation. Bien utilis\u00e9 en petites tailles pour constituer rapidement des haies ou comme grand arbre solitaire.<\/p>\n","protected":false},"excerpt":{"rendered":"<p>Conif\u00e8re au port conique et r\u00e9gulier et \u00e0 la croissance tr\u00e8s rapide. Feuillage tr\u00e8s dense et compact, squamiforme, de couleur vert intense. Tr\u00e8s tol\u00e9rant \u00e0 tous les sols et climats. R\u00e9siste en bord de mer. Arbre facile, qui appr\u00e9cie d\u2019\u00eatre taill\u00e9 \u00e0 la transplantation. Bien utilis\u00e9 en petites tailles pour constituer rapidement des haies ou [&hellip;]<\/p>\n","protected":false},"featured_media":2136,"template":"","meta":{"_acf_changed":false},"product_brand":[],"product_cat":[8824],"product_tag":[10897,6263,8735,6264,8424],"class_list":{"0":"post-12678","1":"product","2":"type-product","3":"status-publish","4":"has-post-thumbnail","6":"product_cat-coniferes","7":"product_tag-naturelle","8":"product_tag-pompons-fr","9":"product_tag-quart-de-tige","10":"product_tag-spirale-fr","11":"product_tag-tige-espalier","12":"pa_altezza-massima-20-metres","13":"pa_altezza-massima-30-metres","14":"pa_condizionamento-clt-fr","15":"pa_condizionamento-vs-fr","16":"pa_condizionamento-motte","17":"pa_famiglia-cupressaceae-fr","18":"pa_genere-cupressocyparis-fr","19":"pa_origine-angleterre","20":"pa_portamento-conico-fr","21":"pa_resistenza-climatica-tres-elevee","22":"pa_resistenza-del-suolo-resistant-aux-sols-pauvres","23":"pa_salinita-resistance-a-la-salinisation","24":"pa_utilizzo-haies","25":"pa_utilizzo-parcs","27":"first","28":"instock","29":"purchasable","30":"product-type-simple"},"acf":[],"_links":{"self":[{"href":"https:\/\/innocentiemangonipiante.it\/fr\/wp-json\/wp\/v2\/product\/12678","targetHints":{"allow":["GET"]}}],"collection":[{"href":"https:\/\/innocentiemangonipiante.it\/fr\/wp-json\/wp\/v2\/product"}],"about":[{"href":"https:\/\/innocentiemangonipiante.it\/fr\/wp-json\/wp\/v2\/types\/product"}],"wp:featuredmedia":[{"embeddable":true,"href":"https:\/\/innocentiemangonipiante.it\/fr\/wp-json\/wp\/v2\/media\/2136"}],"wp:attachment":[{"href":"https:\/\/innocentiemangonipiante.it\/fr\/wp-json\/wp\/v2\/media?parent=12678"}],"wp:term":[{"taxonomy":"product_brand","embeddable":true,"href":"https:\/\/innocentiemangonipiante.it\/fr\/wp-json\/wp\/v2\/product_brand?post=12678"},{"taxonomy":"product_cat","embeddable":true,"href":"https:\/\/innocentiemangonipiante.it\/fr\/wp-json\/wp\/v2\/product_cat?post=12678"},{"taxonomy":"product_tag","embeddable":true,"href":"https:\/\/innocentiemangonipiante.it\/fr\/wp-json\/wp\/v2\/product_tag?post=12678"}],"curies":[{"name":"wp","href":"https:\/\/api.w.org\/{rel}","templated":true}]}}