{"id":12681,"date":"2023-11-04T00:35:38","date_gmt":"2023-11-03T23:35:38","guid":{"rendered":"http:\/\/innocentiemangonipiante.it\/cupressus-sempervirens-pyramidalis\/"},"modified":"2023-11-06T14:32:36","modified_gmt":"2023-11-06T13:32:36","slug":"cupressus-sempervirens-pyramidalis","status":"publish","type":"product","link":"https:\/\/innocentiemangonipiante.it\/fr\/cupressus-sempervirens-pyramidalis\/","title":{"rendered":"CUPRESSUS sempervirens &lsquo;Pyramidalis&rsquo;"},"content":{"rendered":"<p>\u201cCypr\u00e8s de Florence de greffe\u201d. Conif\u00e8re au port \u00e9troitement colonnaire. Le feuillage tr\u00e8s fin de couleur vert fonc\u00e9, qui pousse touffu sur les branches dress\u00e9es et r\u00e9unies, donne \u00e0 cette s\u00e9lection particuli\u00e8re une densit\u00e9 et silhouette vraiment uniques. La croissance est rapide.<\/p>\n","protected":false},"excerpt":{"rendered":"<p>\u201cCypr\u00e8s de Florence de greffe\u201d. Conif\u00e8re au port \u00e9troitement colonnaire. Le feuillage tr\u00e8s fin de couleur vert fonc\u00e9, qui pousse touffu sur les branches dress\u00e9es et r\u00e9unies, donne \u00e0 cette s\u00e9lection particuli\u00e8re une densit\u00e9 et silhouette vraiment uniques. La croissance est rapide.<\/p>\n","protected":false},"featured_media":2192,"template":"","meta":{"_acf_changed":false},"product_brand":[],"product_cat":[8824,9230],"product_tag":[10897,6255],"class_list":{"0":"post-12681","1":"product","2":"type-product","3":"status-publish","4":"has-post-thumbnail","6":"product_cat-coniferes","7":"product_cat-arbres-et-plantes-du-futur","8":"product_tag-naturelle","9":"product_tag-demi-tige","10":"pa_altezza-massima-20-metres","11":"pa_altezza-massima-25-metres","12":"pa_condizionamento-clt-fr","13":"pa_condizionamento-vs-fr","14":"pa_famiglia-cupressaceae-fr","15":"pa_genere-cupressus-fr","16":"pa_origine-italie","17":"pa_portamento-de-colonne","18":"pa_resistenza-climatica-moyenne","19":"pa_resistenza-del-suolo-resistant-aux-sols-calcaires","20":"pa_salinita-resistance-a-la-salinisation","21":"pa_utilizzo-avenues-fr","22":"pa_utilizzo-parcs","24":"first","25":"instock","26":"purchasable","27":"product-type-simple"},"acf":[],"_links":{"self":[{"href":"https:\/\/innocentiemangonipiante.it\/fr\/wp-json\/wp\/v2\/product\/12681","targetHints":{"allow":["GET"]}}],"collection":[{"href":"https:\/\/innocentiemangonipiante.it\/fr\/wp-json\/wp\/v2\/product"}],"about":[{"href":"https:\/\/innocentiemangonipiante.it\/fr\/wp-json\/wp\/v2\/types\/product"}],"wp:featuredmedia":[{"embeddable":true,"href":"https:\/\/innocentiemangonipiante.it\/fr\/wp-json\/wp\/v2\/media\/2192"}],"wp:attachment":[{"href":"https:\/\/innocentiemangonipiante.it\/fr\/wp-json\/wp\/v2\/media?parent=12681"}],"wp:term":[{"taxonomy":"product_brand","embeddable":true,"href":"https:\/\/innocentiemangonipiante.it\/fr\/wp-json\/wp\/v2\/product_brand?post=12681"},{"taxonomy":"product_cat","embeddable":true,"href":"https:\/\/innocentiemangonipiante.it\/fr\/wp-json\/wp\/v2\/product_cat?post=12681"},{"taxonomy":"product_tag","embeddable":true,"href":"https:\/\/innocentiemangonipiante.it\/fr\/wp-json\/wp\/v2\/product_tag?post=12681"}],"curies":[{"name":"wp","href":"https:\/\/api.w.org\/{rel}","templated":true}]}}