{"id":12684,"date":"2023-11-04T00:34:56","date_gmt":"2023-11-03T23:34:56","guid":{"rendered":"http:\/\/innocentiemangonipiante.it\/cupressus-macrocarpa-goldcrest\/"},"modified":"2023-11-06T14:32:15","modified_gmt":"2023-11-06T13:32:15","slug":"cupressus-macrocarpa-goldcrest","status":"publish","type":"product","link":"https:\/\/innocentiemangonipiante.it\/fr\/cupressus-macrocarpa-goldcrest\/","title":{"rendered":"CUPRESSUS macrocarpa &lsquo;Goldcrest&rsquo;"},"content":{"rendered":"<p>Conif\u00e8re au port \u00e9troitement conique et \u00e0 la croissance assez rapide. Le feuillage, de couleur jaune lumineux, se d\u00e9veloppe sur les branches ascendantes tr\u00e8s touffues qui donnent \u00e0 la plante un aspect tr\u00e8s dense. Les feuilles m\u00eames, tr\u00e8s parfum\u00e9es, lib\u00e8rent une intense fragrance de citron.<\/p>\n","protected":false},"excerpt":{"rendered":"<p>Conif\u00e8re au port \u00e9troitement conique et \u00e0 la croissance assez rapide. Le feuillage, de couleur jaune lumineux, se d\u00e9veloppe sur les branches ascendantes tr\u00e8s touffues qui donnent \u00e0 la plante un aspect tr\u00e8s dense. Les feuilles m\u00eames, tr\u00e8s parfum\u00e9es, lib\u00e8rent une intense fragrance de citron.<\/p>\n","protected":false},"featured_media":2167,"template":"","meta":{"_acf_changed":false},"product_brand":[],"product_cat":[8824],"product_tag":[10897,10955,6263,6264],"class_list":{"0":"post-12684","1":"product","2":"type-product","3":"status-publish","4":"has-post-thumbnail","6":"product_cat-coniferes","7":"product_tag-naturelle","8":"product_tag-3-boules-superposes","9":"product_tag-pompons-fr","10":"product_tag-spirale-fr","11":"pa_altezza-massima-15-metres","12":"pa_altezza-massima-20-metres","13":"pa_colore-delle-foglie-jaune","14":"pa_condizionamento-clt-fr","15":"pa_condizionamento-vs-fr","16":"pa_famiglia-cupressaceae-fr","17":"pa_genere-cupressus-fr","18":"pa_origine-californie","19":"pa_portamento-conico-fr","20":"pa_resistenza-climatica-moyenne-elevee","21":"pa_resistenza-del-suolo-resistant-aux-sols-secs","22":"pa_salinita-resistance-a-la-salinisation","23":"pa_utilizzo-parcs","25":"first","26":"instock","27":"purchasable","28":"product-type-simple"},"acf":[],"_links":{"self":[{"href":"https:\/\/innocentiemangonipiante.it\/fr\/wp-json\/wp\/v2\/product\/12684","targetHints":{"allow":["GET"]}}],"collection":[{"href":"https:\/\/innocentiemangonipiante.it\/fr\/wp-json\/wp\/v2\/product"}],"about":[{"href":"https:\/\/innocentiemangonipiante.it\/fr\/wp-json\/wp\/v2\/types\/product"}],"wp:featuredmedia":[{"embeddable":true,"href":"https:\/\/innocentiemangonipiante.it\/fr\/wp-json\/wp\/v2\/media\/2167"}],"wp:attachment":[{"href":"https:\/\/innocentiemangonipiante.it\/fr\/wp-json\/wp\/v2\/media?parent=12684"}],"wp:term":[{"taxonomy":"product_brand","embeddable":true,"href":"https:\/\/innocentiemangonipiante.it\/fr\/wp-json\/wp\/v2\/product_brand?post=12684"},{"taxonomy":"product_cat","embeddable":true,"href":"https:\/\/innocentiemangonipiante.it\/fr\/wp-json\/wp\/v2\/product_cat?post=12684"},{"taxonomy":"product_tag","embeddable":true,"href":"https:\/\/innocentiemangonipiante.it\/fr\/wp-json\/wp\/v2\/product_tag?post=12684"}],"curies":[{"name":"wp","href":"https:\/\/api.w.org\/{rel}","templated":true}]}}