{"id":12685,"date":"2023-11-04T00:34:30","date_gmt":"2023-11-03T23:34:30","guid":{"rendered":"http:\/\/innocentiemangonipiante.it\/cupressus-arizonica-fastigiata\/"},"modified":"2023-11-06T14:31:17","modified_gmt":"2023-11-06T13:31:17","slug":"cupressus-arizonica-fastigiata","status":"publish","type":"product","link":"https:\/\/innocentiemangonipiante.it\/fr\/cupressus-arizonica-fastigiata\/","title":{"rendered":"CUPRESSUS arizonica &lsquo;Fastigiata&rsquo;"},"content":{"rendered":"<p>Conif\u00e8re au port de conique \u00e0 \u00e9troitement colonnaire. L\u2019\u00e9corce, lisse, est de couleur marron-rouge\u00e2tre. Le feuillage est de couleur bleu acier. Supporte tr\u00e8s bien l\u2019exposition ensoleill\u00e9e et la s\u00e9cheresse. Rustique (-20\u00b0C). S\u2019utilise en haie ou en solitaire pour sa belle couleur.<\/p>\n","protected":false},"excerpt":{"rendered":"<p>Conif\u00e8re au port de conique \u00e0 \u00e9troitement colonnaire. L\u2019\u00e9corce, lisse, est de couleur marron-rouge\u00e2tre. Le feuillage est de couleur bleu acier. Supporte tr\u00e8s bien l\u2019exposition ensoleill\u00e9e et la s\u00e9cheresse. Rustique (-20\u00b0C). S\u2019utilise en haie ou en solitaire pour sa belle couleur.<\/p>\n","protected":false},"featured_media":2161,"template":"","meta":{"_acf_changed":false},"product_brand":[],"product_cat":[8824,9230],"product_tag":[10897,10955,6252,6265,6255,6263,8735,6264,8404],"class_list":{"0":"post-12685","1":"product","2":"type-product","3":"status-publish","4":"has-post-thumbnail","6":"product_cat-coniferes","7":"product_cat-arbres-et-plantes-du-futur","8":"product_tag-naturelle","9":"product_tag-3-boules-superposes","10":"product_tag-bonsai-fr","11":"product_tag-boule","12":"product_tag-demi-tige","13":"product_tag-pompons-fr","14":"product_tag-quart-de-tige","15":"product_tag-spirale-fr","16":"product_tag-tige-cylindre","17":"pa_altezza-massima-1000-fr-2","18":"pa_altezza-massima-15-metres","19":"pa_condizionamento-clt-fr","20":"pa_condizionamento-vs-fr","21":"pa_famiglia-cupressaceae-fr","22":"pa_genere-cupressus-fr","23":"pa_origine-italie","24":"pa_portamento-fastigiato-fr","25":"pa_resistenza-climatica-tres-elevee","26":"pa_resistenza-del-suolo-resistant-aux-sols-secs","27":"pa_utilizzo-parcs","29":"first","30":"instock","31":"purchasable","32":"product-type-simple"},"acf":[],"_links":{"self":[{"href":"https:\/\/innocentiemangonipiante.it\/fr\/wp-json\/wp\/v2\/product\/12685","targetHints":{"allow":["GET"]}}],"collection":[{"href":"https:\/\/innocentiemangonipiante.it\/fr\/wp-json\/wp\/v2\/product"}],"about":[{"href":"https:\/\/innocentiemangonipiante.it\/fr\/wp-json\/wp\/v2\/types\/product"}],"wp:featuredmedia":[{"embeddable":true,"href":"https:\/\/innocentiemangonipiante.it\/fr\/wp-json\/wp\/v2\/media\/2161"}],"wp:attachment":[{"href":"https:\/\/innocentiemangonipiante.it\/fr\/wp-json\/wp\/v2\/media?parent=12685"}],"wp:term":[{"taxonomy":"product_brand","embeddable":true,"href":"https:\/\/innocentiemangonipiante.it\/fr\/wp-json\/wp\/v2\/product_brand?post=12685"},{"taxonomy":"product_cat","embeddable":true,"href":"https:\/\/innocentiemangonipiante.it\/fr\/wp-json\/wp\/v2\/product_cat?post=12685"},{"taxonomy":"product_tag","embeddable":true,"href":"https:\/\/innocentiemangonipiante.it\/fr\/wp-json\/wp\/v2\/product_tag?post=12685"}],"curies":[{"name":"wp","href":"https:\/\/api.w.org\/{rel}","templated":true}]}}