{"id":12686,"date":"2023-11-04T00:36:20","date_gmt":"2023-11-03T23:36:20","guid":{"rendered":"http:\/\/innocentiemangonipiante.it\/cycas-revoluta\/"},"modified":"2023-11-06T14:33:02","modified_gmt":"2023-11-06T13:33:02","slug":"cycas-revoluta","status":"publish","type":"product","link":"https:\/\/innocentiemangonipiante.it\/fr\/cycas-revoluta\/","title":{"rendered":"CYCAS revoluta"},"content":{"rendered":"<p>Semblable \u00e0 un palmier nain. Croissance tr\u00e8s lente sur troncs robustes, d\u2019abord dress\u00e9s qui se plient de fa\u00e7on irr\u00e9guli\u00e8re en vieillissant. Les feuilles penn\u00e9es sont recourb\u00e9es, d\u2019une longueur de 100-150 cm, compos\u00e9es de folioles pointues filiformes, luisantes et de couleur vert fonc\u00e9 d\u2019une longueur de 7-8 cm, dispos\u00e9es des deux c\u00f4t\u00e9s de la tige portante.<\/p>\n","protected":false},"excerpt":{"rendered":"<p>Semblable \u00e0 un palmier nain. Croissance tr\u00e8s lente sur troncs robustes, d\u2019abord dress\u00e9s qui se plient de fa\u00e7on irr\u00e9guli\u00e8re en vieillissant. Les feuilles penn\u00e9es sont recourb\u00e9es, d\u2019une longueur de 100-150 cm, compos\u00e9es de folioles pointues filiformes, luisantes et de couleur vert fonc\u00e9 d\u2019une longueur de 7-8 cm, dispos\u00e9es des deux c\u00f4t\u00e9s de la tige portante.<\/p>\n","protected":false},"featured_media":2204,"template":"","meta":{"_acf_changed":false},"product_brand":[],"product_cat":[8833],"product_tag":[10897],"class_list":{"0":"post-12686","1":"product","2":"type-product","3":"status-publish","4":"has-post-thumbnail","6":"product_cat-palme-et-succulent","7":"product_tag-naturelle","8":"pa_altezza-massima-300-fr-2","9":"pa_altezza-massima-400-fr","10":"pa_condizionamento-clt-fr","11":"pa_famiglia-cycadaceae-fr","12":"pa_genere-cycas-fr","13":"pa_origine-asie-orientale","14":"pa_portamento-eretto-fr","15":"pa_resistenza-climatica-plantes-avec-une-faible-resistance-climatique","16":"pa_resistenza-del-suolo-resistant-aux-sols-secs","17":"pa_utilizzo-balcons","18":"pa_utilizzo-parcs","19":"pa_utilizzo-petits-jardins","21":"first","22":"instock","23":"purchasable","24":"product-type-simple"},"acf":[],"_links":{"self":[{"href":"https:\/\/innocentiemangonipiante.it\/fr\/wp-json\/wp\/v2\/product\/12686","targetHints":{"allow":["GET"]}}],"collection":[{"href":"https:\/\/innocentiemangonipiante.it\/fr\/wp-json\/wp\/v2\/product"}],"about":[{"href":"https:\/\/innocentiemangonipiante.it\/fr\/wp-json\/wp\/v2\/types\/product"}],"wp:featuredmedia":[{"embeddable":true,"href":"https:\/\/innocentiemangonipiante.it\/fr\/wp-json\/wp\/v2\/media\/2204"}],"wp:attachment":[{"href":"https:\/\/innocentiemangonipiante.it\/fr\/wp-json\/wp\/v2\/media?parent=12686"}],"wp:term":[{"taxonomy":"product_brand","embeddable":true,"href":"https:\/\/innocentiemangonipiante.it\/fr\/wp-json\/wp\/v2\/product_brand?post=12686"},{"taxonomy":"product_cat","embeddable":true,"href":"https:\/\/innocentiemangonipiante.it\/fr\/wp-json\/wp\/v2\/product_cat?post=12686"},{"taxonomy":"product_tag","embeddable":true,"href":"https:\/\/innocentiemangonipiante.it\/fr\/wp-json\/wp\/v2\/product_tag?post=12686"}],"curies":[{"name":"wp","href":"https:\/\/api.w.org\/{rel}","templated":true}]}}