{"id":12687,"date":"2023-11-04T00:36:43","date_gmt":"2023-11-03T23:36:43","guid":{"rendered":"http:\/\/innocentiemangonipiante.it\/cyperus-papyrus\/"},"modified":"2023-11-06T14:33:14","modified_gmt":"2023-11-06T13:33:14","slug":"cyperus-papyrus","status":"publish","type":"product","link":"https:\/\/innocentiemangonipiante.it\/fr\/cyperus-papyrus\/","title":{"rendered":"CYPERUS papyrus"},"content":{"rendered":"<p>Plante vivace aquatique. Tiges triangulaires, vert fonc\u00e9 qui poussent hauts, serr\u00e9s et vigoureux. Ils portent des parasols ronds compos\u00e9s par des fins rayons pleureurs. Les anciens \u00e9gyptiens en tiraient du papier.<\/p>\n","protected":false},"excerpt":{"rendered":"<p>Plante vivace aquatique. Tiges triangulaires, vert fonc\u00e9 qui poussent hauts, serr\u00e9s et vigoureux. Ils portent des parasols ronds compos\u00e9s par des fins rayons pleureurs. Les anciens \u00e9gyptiens en tiraient du papier.<\/p>\n","protected":false},"featured_media":2210,"template":"","meta":{"_acf_changed":false},"product_brand":[],"product_cat":[8317],"product_tag":[10897],"class_list":{"0":"post-12687","1":"product","2":"type-product","3":"status-publish","4":"has-post-thumbnail","6":"product_cat-sans-categorie","7":"product_tag-naturelle","8":"pa_altezza-massima-200-fr","9":"pa_altezza-massima-300-fr-2","10":"pa_condizionamento-clt-fr","11":"pa_famiglia-cyperaceae-fr","12":"pa_genere-cyperus-fr","13":"pa_origine-afrique","14":"pa_origine-asie","15":"pa_portamento-eretto-fr","16":"pa_resistenza-climatica-tres-faible","17":"pa_resistenza-del-suolo-resistant-au-sol-humide","18":"pa_utilizzo-parcs","19":"pa_utilizzo-petits-jardins","21":"first","22":"instock","23":"purchasable","24":"product-type-simple"},"acf":[],"_links":{"self":[{"href":"https:\/\/innocentiemangonipiante.it\/fr\/wp-json\/wp\/v2\/product\/12687","targetHints":{"allow":["GET"]}}],"collection":[{"href":"https:\/\/innocentiemangonipiante.it\/fr\/wp-json\/wp\/v2\/product"}],"about":[{"href":"https:\/\/innocentiemangonipiante.it\/fr\/wp-json\/wp\/v2\/types\/product"}],"wp:featuredmedia":[{"embeddable":true,"href":"https:\/\/innocentiemangonipiante.it\/fr\/wp-json\/wp\/v2\/media\/2210"}],"wp:attachment":[{"href":"https:\/\/innocentiemangonipiante.it\/fr\/wp-json\/wp\/v2\/media?parent=12687"}],"wp:term":[{"taxonomy":"product_brand","embeddable":true,"href":"https:\/\/innocentiemangonipiante.it\/fr\/wp-json\/wp\/v2\/product_brand?post=12687"},{"taxonomy":"product_cat","embeddable":true,"href":"https:\/\/innocentiemangonipiante.it\/fr\/wp-json\/wp\/v2\/product_cat?post=12687"},{"taxonomy":"product_tag","embeddable":true,"href":"https:\/\/innocentiemangonipiante.it\/fr\/wp-json\/wp\/v2\/product_tag?post=12687"}],"curies":[{"name":"wp","href":"https:\/\/api.w.org\/{rel}","templated":true}]}}