{"id":12690,"date":"2023-11-04T00:36:50","date_gmt":"2023-11-03T23:36:50","guid":{"rendered":"http:\/\/innocentiemangonipiante.it\/cytisus-scoparius\/"},"modified":"2023-11-06T14:33:16","modified_gmt":"2023-11-06T13:33:16","slug":"cytisus-scoparius","status":"publish","type":"product","link":"https:\/\/innocentiemangonipiante.it\/fr\/cytisus-scoparius\/","title":{"rendered":"CYTISUS scoparius"},"content":{"rendered":"<p>Touffe caduque avec port droit bien touffu. Branches minces de couleur vert fonc\u00e9. Feuillage gris-vert. Fleurs jaune dor\u00e9 de avril \u00e0 juin.<\/p>\n","protected":false},"excerpt":{"rendered":"<p>Touffe caduque avec port droit bien touffu. Branches minces de couleur vert fonc\u00e9. Feuillage gris-vert. Fleurs jaune dor\u00e9 de avril \u00e0 juin.<\/p>\n","protected":false},"featured_media":2216,"template":"","meta":{"_acf_changed":false},"product_brand":[],"product_cat":[8812],"product_tag":[10897],"class_list":{"0":"post-12690","1":"product","2":"type-product","3":"status-publish","4":"has-post-thumbnail","6":"product_cat-arbres-et-arbustes-a-feuilles-caduques","7":"product_tag-naturelle","8":"pa_altezza-massima-200-fr","9":"pa_altezza-massima-300-fr-2","10":"pa_colore-fioritura-jaune","11":"pa_condizionamento-clt-fr","12":"pa_famiglia-leguminosae-fr","13":"pa_genere-cytisus-fr","14":"pa_origine-europe-fr","15":"pa_periodo-fioritura-avril","16":"pa_periodo-fioritura-juin","17":"pa_periodo-fioritura-mai","18":"pa_portamento-cespuglioso-fr","19":"pa_resistenza-climatica-moyenne-elevee","20":"pa_resistenza-del-suolo-resistant-aux-sols-calcaires","21":"pa_salinita-resistance-a-la-salinisation","22":"pa_utilizzo-parcs","23":"pa_utilizzo-petits-jardins","25":"first","26":"instock","27":"purchasable","28":"product-type-simple"},"acf":[],"_links":{"self":[{"href":"https:\/\/innocentiemangonipiante.it\/fr\/wp-json\/wp\/v2\/product\/12690","targetHints":{"allow":["GET"]}}],"collection":[{"href":"https:\/\/innocentiemangonipiante.it\/fr\/wp-json\/wp\/v2\/product"}],"about":[{"href":"https:\/\/innocentiemangonipiante.it\/fr\/wp-json\/wp\/v2\/types\/product"}],"wp:featuredmedia":[{"embeddable":true,"href":"https:\/\/innocentiemangonipiante.it\/fr\/wp-json\/wp\/v2\/media\/2216"}],"wp:attachment":[{"href":"https:\/\/innocentiemangonipiante.it\/fr\/wp-json\/wp\/v2\/media?parent=12690"}],"wp:term":[{"taxonomy":"product_brand","embeddable":true,"href":"https:\/\/innocentiemangonipiante.it\/fr\/wp-json\/wp\/v2\/product_brand?post=12690"},{"taxonomy":"product_cat","embeddable":true,"href":"https:\/\/innocentiemangonipiante.it\/fr\/wp-json\/wp\/v2\/product_cat?post=12690"},{"taxonomy":"product_tag","embeddable":true,"href":"https:\/\/innocentiemangonipiante.it\/fr\/wp-json\/wp\/v2\/product_tag?post=12690"}],"curies":[{"name":"wp","href":"https:\/\/api.w.org\/{rel}","templated":true}]}}