{"id":12695,"date":"2023-11-04T00:37:51","date_gmt":"2023-11-03T23:37:51","guid":{"rendered":"http:\/\/innocentiemangonipiante.it\/dasylirion-serratifolium\/"},"modified":"2023-11-06T14:33:38","modified_gmt":"2023-11-06T13:33:38","slug":"dasylirion-serratifolium","status":"publish","type":"product","link":"https:\/\/innocentiemangonipiante.it\/fr\/dasylirion-serratifolium\/","title":{"rendered":"DASYLIRION serratifolium"},"content":{"rendered":"<p>Petit arbre persistant dont l\u2019aspect rappelle le Yucca. Tronc ligneux. Les feuilles sont lanc\u00e9ol\u00e9es, \u00e9troites, \u00e0 bord \u00e9pineux et d\u2019une longueur de 1 m environ termin\u00e9es en petites touffes fibreuses de couleur glauque.<\/p>\n","protected":false},"excerpt":{"rendered":"<p>Petit arbre persistant dont l\u2019aspect rappelle le Yucca. Tronc ligneux. Les feuilles sont lanc\u00e9ol\u00e9es, \u00e9troites, \u00e0 bord \u00e9pineux et d\u2019une longueur de 1 m environ termin\u00e9es en petites touffes fibreuses de couleur glauque.<\/p>\n","protected":false},"featured_media":2269,"template":"","meta":{"_acf_changed":false},"product_brand":[],"product_cat":[8833,9230],"product_tag":[10897],"class_list":{"0":"post-12695","1":"product","2":"type-product","3":"status-publish","4":"has-post-thumbnail","6":"product_cat-palme-et-succulent","7":"product_cat-arbres-et-plantes-du-futur","8":"product_tag-naturelle","9":"pa_altezza-massima-150-fr","10":"pa_altezza-massima-200-fr","11":"pa_colore-fioritura-blanc","12":"pa_condizionamento-clt-fr","13":"pa_famiglia-liliaceae-fr","14":"pa_genere-dasylirion-fr","15":"pa_origine-amerique-du-sud","16":"pa_periodo-fioritura-aout","17":"pa_periodo-fioritura-juillet","18":"pa_periodo-fioritura-juin","19":"pa_portamento-eretto-fr","20":"pa_resistenza-climatica-moyenne","21":"pa_resistenza-del-suolo-resistant-aux-sols-secs","22":"pa_salinita-resistance-a-la-salinisation","23":"pa_utilizzo-balcons","24":"pa_utilizzo-petits-jardins","26":"first","27":"instock","28":"purchasable","29":"product-type-simple"},"acf":[],"_links":{"self":[{"href":"https:\/\/innocentiemangonipiante.it\/fr\/wp-json\/wp\/v2\/product\/12695","targetHints":{"allow":["GET"]}}],"collection":[{"href":"https:\/\/innocentiemangonipiante.it\/fr\/wp-json\/wp\/v2\/product"}],"about":[{"href":"https:\/\/innocentiemangonipiante.it\/fr\/wp-json\/wp\/v2\/types\/product"}],"wp:featuredmedia":[{"embeddable":true,"href":"https:\/\/innocentiemangonipiante.it\/fr\/wp-json\/wp\/v2\/media\/2269"}],"wp:attachment":[{"href":"https:\/\/innocentiemangonipiante.it\/fr\/wp-json\/wp\/v2\/media?parent=12695"}],"wp:term":[{"taxonomy":"product_brand","embeddable":true,"href":"https:\/\/innocentiemangonipiante.it\/fr\/wp-json\/wp\/v2\/product_brand?post=12695"},{"taxonomy":"product_cat","embeddable":true,"href":"https:\/\/innocentiemangonipiante.it\/fr\/wp-json\/wp\/v2\/product_cat?post=12695"},{"taxonomy":"product_tag","embeddable":true,"href":"https:\/\/innocentiemangonipiante.it\/fr\/wp-json\/wp\/v2\/product_tag?post=12695"}],"curies":[{"name":"wp","href":"https:\/\/api.w.org\/{rel}","templated":true}]}}