{"id":12696,"date":"2023-11-04T00:37:44","date_gmt":"2023-11-03T23:37:44","guid":{"rendered":"http:\/\/innocentiemangonipiante.it\/dasylirion-quadrangulatum\/"},"modified":"2023-11-06T14:33:36","modified_gmt":"2023-11-06T13:33:36","slug":"dasylirion-quadrangulatum","status":"publish","type":"product","link":"https:\/\/innocentiemangonipiante.it\/fr\/dasylirion-quadrangulatum\/","title":{"rendered":"DASYLIRION quadrangulatum"},"content":{"rendered":"<p>Feuillage vert filiforme \u00e0 section quadrangulaire avec bords sans \u00e9pines ou presque. Fleur blanche cr\u00e8me pendant l\u2019\u00e9t\u00e9, pas toutes les ann\u00e9es.<\/p>\n","protected":false},"excerpt":{"rendered":"<p>Feuillage vert filiforme \u00e0 section quadrangulaire avec bords sans \u00e9pines ou presque. Fleur blanche cr\u00e8me pendant l\u2019\u00e9t\u00e9, pas toutes les ann\u00e9es.<\/p>\n","protected":false},"featured_media":2263,"template":"","meta":{"_acf_changed":false},"product_brand":[],"product_cat":[8833],"product_tag":[10897],"class_list":{"0":"post-12696","1":"product","2":"type-product","3":"status-publish","4":"has-post-thumbnail","6":"product_cat-palme-et-succulent","7":"product_tag-naturelle","8":"pa_altezza-massima-200-fr","9":"pa_altezza-massima-300-fr-2","10":"pa_colore-fioritura-blanc","11":"pa_famiglia-liliaceae-fr","12":"pa_genere-dasylirion-fr","13":"pa_origine-mexique","14":"pa_periodo-fioritura-aout","15":"pa_periodo-fioritura-juillet","16":"pa_periodo-fioritura-juin","17":"pa_portamento-eretto-fr","18":"pa_resistenza-climatica-tres-faible","19":"pa_resistenza-del-suolo-resistant-aux-sols-secs","20":"pa_salinita-resistance-a-la-salinisation","21":"pa_utilizzo-balcons","22":"pa_utilizzo-petits-jardins","24":"first","25":"instock","26":"purchasable","27":"product-type-simple"},"acf":[],"_links":{"self":[{"href":"https:\/\/innocentiemangonipiante.it\/fr\/wp-json\/wp\/v2\/product\/12696","targetHints":{"allow":["GET"]}}],"collection":[{"href":"https:\/\/innocentiemangonipiante.it\/fr\/wp-json\/wp\/v2\/product"}],"about":[{"href":"https:\/\/innocentiemangonipiante.it\/fr\/wp-json\/wp\/v2\/types\/product"}],"wp:featuredmedia":[{"embeddable":true,"href":"https:\/\/innocentiemangonipiante.it\/fr\/wp-json\/wp\/v2\/media\/2263"}],"wp:attachment":[{"href":"https:\/\/innocentiemangonipiante.it\/fr\/wp-json\/wp\/v2\/media?parent=12696"}],"wp:term":[{"taxonomy":"product_brand","embeddable":true,"href":"https:\/\/innocentiemangonipiante.it\/fr\/wp-json\/wp\/v2\/product_brand?post=12696"},{"taxonomy":"product_cat","embeddable":true,"href":"https:\/\/innocentiemangonipiante.it\/fr\/wp-json\/wp\/v2\/product_cat?post=12696"},{"taxonomy":"product_tag","embeddable":true,"href":"https:\/\/innocentiemangonipiante.it\/fr\/wp-json\/wp\/v2\/product_tag?post=12696"}],"curies":[{"name":"wp","href":"https:\/\/api.w.org\/{rel}","templated":true}]}}