{"id":12697,"date":"2023-11-04T00:38:06","date_gmt":"2023-11-03T23:38:06","guid":{"rendered":"http:\/\/innocentiemangonipiante.it\/davidia-involucrata\/"},"modified":"2023-11-06T14:33:45","modified_gmt":"2023-11-06T13:33:45","slug":"davidia-involucrata","status":"publish","type":"product","link":"https:\/\/innocentiemangonipiante.it\/fr\/davidia-involucrata\/","title":{"rendered":"DAVIDIA involucrata"},"content":{"rendered":"<p>Arbre conique avec des feuilles altern\u00e9es, amples, pointues, dentel\u00e9es, longues jusqu\u2019\u00e0 16 cm de couleur vert fonc\u00e9. Fin printemps, sur les sujets adultes, il produit des fleurs compos\u00e9es de deux grandes bract\u00e9es feuill\u00e8res blanches.<\/p>\n","protected":false},"excerpt":{"rendered":"<p>Arbre conique avec des feuilles altern\u00e9es, amples, pointues, dentel\u00e9es, longues jusqu\u2019\u00e0 16 cm de couleur vert fonc\u00e9. Fin printemps, sur les sujets adultes, il produit des fleurs compos\u00e9es de deux grandes bract\u00e9es feuill\u00e8res blanches.<\/p>\n","protected":false},"featured_media":2275,"template":"","meta":{"_acf_changed":false},"product_brand":[],"product_cat":[8812],"product_tag":[10897,8400],"class_list":{"0":"post-12697","1":"product","2":"type-product","3":"status-publish","4":"has-post-thumbnail","6":"product_cat-arbres-et-arbustes-a-feuilles-caduques","7":"product_tag-naturelle","8":"product_tag-tige","9":"pa_altezza-massima-800-fr","10":"pa_altezza-massima-1000-fr-2","11":"pa_colore-fioritura-blanc","12":"pa_condizionamento-clt-fr","13":"pa_famiglia-davidiaceae-fr-2","14":"pa_genere-davidia-fr","15":"pa_origine-asie-orientale","16":"pa_periodo-fioritura-mai","17":"pa_portamento-piramidale-fr","18":"pa_resistenza-climatica-moyenne-elevee","19":"pa_resistenza-del-suolo-resistant-aux-sols-secs","20":"pa_salinita-resistance-a-la-salinisation","21":"pa_utilizzo-parcs","23":"first","24":"instock","25":"purchasable","26":"product-type-simple"},"acf":[],"_links":{"self":[{"href":"https:\/\/innocentiemangonipiante.it\/fr\/wp-json\/wp\/v2\/product\/12697","targetHints":{"allow":["GET"]}}],"collection":[{"href":"https:\/\/innocentiemangonipiante.it\/fr\/wp-json\/wp\/v2\/product"}],"about":[{"href":"https:\/\/innocentiemangonipiante.it\/fr\/wp-json\/wp\/v2\/types\/product"}],"wp:featuredmedia":[{"embeddable":true,"href":"https:\/\/innocentiemangonipiante.it\/fr\/wp-json\/wp\/v2\/media\/2275"}],"wp:attachment":[{"href":"https:\/\/innocentiemangonipiante.it\/fr\/wp-json\/wp\/v2\/media?parent=12697"}],"wp:term":[{"taxonomy":"product_brand","embeddable":true,"href":"https:\/\/innocentiemangonipiante.it\/fr\/wp-json\/wp\/v2\/product_brand?post=12697"},{"taxonomy":"product_cat","embeddable":true,"href":"https:\/\/innocentiemangonipiante.it\/fr\/wp-json\/wp\/v2\/product_cat?post=12697"},{"taxonomy":"product_tag","embeddable":true,"href":"https:\/\/innocentiemangonipiante.it\/fr\/wp-json\/wp\/v2\/product_tag?post=12697"}],"curies":[{"name":"wp","href":"https:\/\/api.w.org\/{rel}","templated":true}]}}