{"id":12698,"date":"2023-11-04T00:39:01","date_gmt":"2023-11-03T23:39:01","guid":{"rendered":"http:\/\/innocentiemangonipiante.it\/deutzia-scabra\/"},"modified":"2023-11-06T14:34:05","modified_gmt":"2023-11-06T13:34:05","slug":"deutzia-scabra","status":"publish","type":"product","link":"https:\/\/innocentiemangonipiante.it\/fr\/deutzia-scabra\/","title":{"rendered":"DEUTZIA scabra"},"content":{"rendered":"<p>Arbuste \u00e9rig\u00e9 aux branches recourb\u00e9es. L\u2019\u00e9corce marron clair s\u2019effeuille quand la plante est adulte. Les feuilles vert fonc\u00e9 sont d\u2019une longueur de 8 cm. Les fleurs blanches nuanc\u00e9es de rose en panicules cylindriques dress\u00e9es sont d\u2019une longueur de 10 \u00e0 15 cm.<\/p>\n","protected":false},"excerpt":{"rendered":"<p>Arbuste \u00e9rig\u00e9 aux branches recourb\u00e9es. L\u2019\u00e9corce marron clair s\u2019effeuille quand la plante est adulte. Les feuilles vert fonc\u00e9 sont d\u2019une longueur de 8 cm. Les fleurs blanches nuanc\u00e9es de rose en panicules cylindriques dress\u00e9es sont d\u2019une longueur de 10 \u00e0 15 cm.<\/p>\n","protected":false},"featured_media":2281,"template":"","meta":{"_acf_changed":false},"product_brand":[],"product_cat":[8812],"product_tag":[10897],"class_list":{"0":"post-12698","1":"product","2":"type-product","3":"status-publish","4":"has-post-thumbnail","6":"product_cat-arbres-et-arbustes-a-feuilles-caduques","7":"product_tag-naturelle","8":"pa_altezza-massima-200-fr","9":"pa_altezza-massima-300-fr-2","10":"pa_colore-fioritura-blanc","11":"pa_condizionamento-clt-fr","12":"pa_famiglia-hydrangeaceae-fr","13":"pa_genere-deutzia-fr","14":"pa_inquinamento-resistance-a-la-pollution","15":"pa_origine-asie-orientale","16":"pa_periodo-fioritura-juillet","17":"pa_periodo-fioritura-juin","18":"pa_portamento-eretto-fr","19":"pa_resistenza-climatica-tres-elevee","20":"pa_resistenza-del-suolo-resistant-aux-sols-calcaires","21":"pa_utilizzo-parcs","22":"pa_utilizzo-petits-jardins","24":"first","25":"instock","26":"purchasable","27":"product-type-simple"},"acf":[],"_links":{"self":[{"href":"https:\/\/innocentiemangonipiante.it\/fr\/wp-json\/wp\/v2\/product\/12698","targetHints":{"allow":["GET"]}}],"collection":[{"href":"https:\/\/innocentiemangonipiante.it\/fr\/wp-json\/wp\/v2\/product"}],"about":[{"href":"https:\/\/innocentiemangonipiante.it\/fr\/wp-json\/wp\/v2\/types\/product"}],"wp:featuredmedia":[{"embeddable":true,"href":"https:\/\/innocentiemangonipiante.it\/fr\/wp-json\/wp\/v2\/media\/2281"}],"wp:attachment":[{"href":"https:\/\/innocentiemangonipiante.it\/fr\/wp-json\/wp\/v2\/media?parent=12698"}],"wp:term":[{"taxonomy":"product_brand","embeddable":true,"href":"https:\/\/innocentiemangonipiante.it\/fr\/wp-json\/wp\/v2\/product_brand?post=12698"},{"taxonomy":"product_cat","embeddable":true,"href":"https:\/\/innocentiemangonipiante.it\/fr\/wp-json\/wp\/v2\/product_cat?post=12698"},{"taxonomy":"product_tag","embeddable":true,"href":"https:\/\/innocentiemangonipiante.it\/fr\/wp-json\/wp\/v2\/product_tag?post=12698"}],"curies":[{"name":"wp","href":"https:\/\/api.w.org\/{rel}","templated":true}]}}