{"id":12699,"date":"2023-11-04T00:39:27","date_gmt":"2023-11-03T23:39:27","guid":{"rendered":"http:\/\/innocentiemangonipiante.it\/deutzia-x-montrose\/"},"modified":"2023-11-06T14:34:12","modified_gmt":"2023-11-06T13:34:12","slug":"deutzia-x-montrose","status":"publish","type":"product","link":"https:\/\/innocentiemangonipiante.it\/fr\/deutzia-x-montrose\/","title":{"rendered":"DEUTZIA x &lsquo;Montrose&rsquo;"},"content":{"rendered":"<p>Caract\u00e9ristiques semblables \u00e0 l\u2019esp\u00e8ce pr\u00e9c\u00e9dente. Au d\u00e9but de l\u2019\u00e9t\u00e9, elle donne des panicules de 2-3 cm de longueur aux fleurs en \u00e9toile de couleur rose pourpre.<\/p>\n","protected":false},"excerpt":{"rendered":"<p>Caract\u00e9ristiques semblables \u00e0 l\u2019esp\u00e8ce pr\u00e9c\u00e9dente. Au d\u00e9but de l\u2019\u00e9t\u00e9, elle donne des panicules de 2-3 cm de longueur aux fleurs en \u00e9toile de couleur rose pourpre.<\/p>\n","protected":false},"featured_media":2287,"template":"","meta":{"_acf_changed":false},"product_brand":[],"product_cat":[8812],"product_tag":[10897],"class_list":{"0":"post-12699","1":"product","2":"type-product","3":"status-publish","4":"has-post-thumbnail","6":"product_cat-arbres-et-arbustes-a-feuilles-caduques","7":"product_tag-naturelle","8":"pa_altezza-massima-200-fr","9":"pa_altezza-massima-300-fr-2","10":"pa_colore-fioritura-rose","11":"pa_condizionamento-clt-fr","12":"pa_famiglia-hydrangeaceae-fr","13":"pa_genere-deutzia-fr","14":"pa_inquinamento-resistance-a-la-pollution","15":"pa_origine-asie-orientale","16":"pa_periodo-fioritura-juin","17":"pa_portamento-eretto-fr","18":"pa_resistenza-climatica-tres-elevee","19":"pa_resistenza-del-suolo-resistant-aux-sols-calcaires","20":"pa_utilizzo-parcs","21":"pa_utilizzo-petits-jardins","23":"first","24":"instock","25":"purchasable","26":"product-type-simple"},"acf":[],"_links":{"self":[{"href":"https:\/\/innocentiemangonipiante.it\/fr\/wp-json\/wp\/v2\/product\/12699","targetHints":{"allow":["GET"]}}],"collection":[{"href":"https:\/\/innocentiemangonipiante.it\/fr\/wp-json\/wp\/v2\/product"}],"about":[{"href":"https:\/\/innocentiemangonipiante.it\/fr\/wp-json\/wp\/v2\/types\/product"}],"wp:featuredmedia":[{"embeddable":true,"href":"https:\/\/innocentiemangonipiante.it\/fr\/wp-json\/wp\/v2\/media\/2287"}],"wp:attachment":[{"href":"https:\/\/innocentiemangonipiante.it\/fr\/wp-json\/wp\/v2\/media?parent=12699"}],"wp:term":[{"taxonomy":"product_brand","embeddable":true,"href":"https:\/\/innocentiemangonipiante.it\/fr\/wp-json\/wp\/v2\/product_brand?post=12699"},{"taxonomy":"product_cat","embeddable":true,"href":"https:\/\/innocentiemangonipiante.it\/fr\/wp-json\/wp\/v2\/product_cat?post=12699"},{"taxonomy":"product_tag","embeddable":true,"href":"https:\/\/innocentiemangonipiante.it\/fr\/wp-json\/wp\/v2\/product_tag?post=12699"}],"curies":[{"name":"wp","href":"https:\/\/api.w.org\/{rel}","templated":true}]}}