{"id":12701,"date":"2023-11-04T00:42:36","date_gmt":"2023-11-03T23:42:36","guid":{"rendered":"http:\/\/innocentiemangonipiante.it\/edgeworthia-chrysantha\/"},"modified":"2023-11-06T14:35:50","modified_gmt":"2023-11-06T13:35:50","slug":"edgeworthia-chrysantha","status":"publish","type":"product","link":"https:\/\/innocentiemangonipiante.it\/fr\/edgeworthia-chrysantha\/","title":{"rendered":"EDGEWORTHIA chrysantha"},"content":{"rendered":"<p>Arbust au feuillage caduc ressemblant \u00e0 la daphn\u00e9. Port ouvert et arrondi, avec pousses flexibles et feuilles vert fonc\u00e9, de jusqu\u2019\u00e0 15 cm \u00e0 la forme lanc\u00e9ol\u00e9e. \u00c0 la fin de l\u2019hiver et d\u00e9but du printemps il produit des groupes de petites fleurs parfum\u00e9es de couleur blanc-jaune.<\/p>\n","protected":false},"excerpt":{"rendered":"<p>Arbust au feuillage caduc ressemblant \u00e0 la daphn\u00e9. Port ouvert et arrondi, avec pousses flexibles et feuilles vert fonc\u00e9, de jusqu\u2019\u00e0 15 cm \u00e0 la forme lanc\u00e9ol\u00e9e. \u00c0 la fin de l\u2019hiver et d\u00e9but du printemps il produit des groupes de petites fleurs parfum\u00e9es de couleur blanc-jaune.<\/p>\n","protected":false},"featured_media":2299,"template":"","meta":{"_acf_changed":false},"product_brand":[],"product_cat":[8812],"product_tag":[10897],"class_list":{"0":"post-12701","1":"product","2":"type-product","3":"status-publish","4":"has-post-thumbnail","6":"product_cat-arbres-et-arbustes-a-feuilles-caduques","7":"product_tag-naturelle","8":"pa_altezza-massima-150-fr","9":"pa_altezza-massima-200-fr","10":"pa_colore-fioritura-jaune","11":"pa_famiglia-thymelaeaceae-fr","12":"pa_genere-edgeworthia-fr","13":"pa_origine-asie-orientale","14":"pa_periodo-fioritura-fevrier","15":"pa_periodo-fioritura-mars","16":"pa_portamento-arrondi","17":"pa_profumo-intense-fr","18":"pa_resistenza-climatica-moyenne","19":"pa_utilizzo-petits-jardins","21":"first","22":"instock","23":"purchasable","24":"product-type-simple"},"acf":[],"_links":{"self":[{"href":"https:\/\/innocentiemangonipiante.it\/fr\/wp-json\/wp\/v2\/product\/12701","targetHints":{"allow":["GET"]}}],"collection":[{"href":"https:\/\/innocentiemangonipiante.it\/fr\/wp-json\/wp\/v2\/product"}],"about":[{"href":"https:\/\/innocentiemangonipiante.it\/fr\/wp-json\/wp\/v2\/types\/product"}],"wp:featuredmedia":[{"embeddable":true,"href":"https:\/\/innocentiemangonipiante.it\/fr\/wp-json\/wp\/v2\/media\/2299"}],"wp:attachment":[{"href":"https:\/\/innocentiemangonipiante.it\/fr\/wp-json\/wp\/v2\/media?parent=12701"}],"wp:term":[{"taxonomy":"product_brand","embeddable":true,"href":"https:\/\/innocentiemangonipiante.it\/fr\/wp-json\/wp\/v2\/product_brand?post=12701"},{"taxonomy":"product_cat","embeddable":true,"href":"https:\/\/innocentiemangonipiante.it\/fr\/wp-json\/wp\/v2\/product_cat?post=12701"},{"taxonomy":"product_tag","embeddable":true,"href":"https:\/\/innocentiemangonipiante.it\/fr\/wp-json\/wp\/v2\/product_tag?post=12701"}],"curies":[{"name":"wp","href":"https:\/\/api.w.org\/{rel}","templated":true}]}}