{"id":12702,"date":"2023-11-04T00:42:57","date_gmt":"2023-11-03T23:42:57","guid":{"rendered":"http:\/\/innocentiemangonipiante.it\/elaeagnus-pungens-maculata\/"},"modified":"2023-11-06T14:35:58","modified_gmt":"2023-11-06T13:35:58","slug":"elaeagnus-pungens-maculata","status":"publish","type":"product","link":"https:\/\/innocentiemangonipiante.it\/fr\/elaeagnus-pungens-maculata\/","title":{"rendered":"ELAEAGNUS pungens &lsquo;Maculata&rsquo;"},"content":{"rendered":"<p>Arbuste persistant, dense, l\u00e9g\u00e8rement \u00e9pineux, avec les jeunes ramifications recouvertes d\u2019\u00e9cailles de couleur rouille. Les feuilles oblongues, de couleur vert fonc\u00e9 ont souvent un bord ondul\u00e9. La face inf\u00e9rieure est nuanc\u00e9e de blanc et de marron en \u00e9cailles. La face sup\u00e9rieure est tachet\u00e9e au centre de jaune d\u2019or.<\/p>\n","protected":false},"excerpt":{"rendered":"<p>Arbuste persistant, dense, l\u00e9g\u00e8rement \u00e9pineux, avec les jeunes ramifications recouvertes d\u2019\u00e9cailles de couleur rouille. Les feuilles oblongues, de couleur vert fonc\u00e9 ont souvent un bord ondul\u00e9. La face inf\u00e9rieure est nuanc\u00e9e de blanc et de marron en \u00e9cailles. La face sup\u00e9rieure est tachet\u00e9e au centre de jaune d\u2019or.<\/p>\n","protected":false},"featured_media":2312,"template":"","meta":{"_acf_changed":false},"product_brand":[],"product_cat":[8817],"product_tag":[10897],"class_list":{"0":"post-12702","1":"product","2":"type-product","3":"status-publish","4":"has-post-thumbnail","6":"product_cat-arbres-et-arbustes-persistants","7":"product_tag-naturelle","8":"pa_altezza-massima-300-fr-2","9":"pa_altezza-massima-400-fr","10":"pa_colore-delle-foglie-panachees","11":"pa_colore-fioritura-blanc","12":"pa_condizionamento-clt-fr","13":"pa_famiglia-eleagnaceae-fr","14":"pa_genere-elaeagnus-fr","15":"pa_inquinamento-resistance-a-la-pollution","16":"pa_origine-asie-orientale","17":"pa_periodo-fioritura-novembre-fr","18":"pa_periodo-fioritura-octobre","19":"pa_periodo-fioritura-septembre","20":"pa_portamento-arrondi","21":"pa_profumo-intense-fr","22":"pa_resistenza-climatica-moyenne-elevee","23":"pa_resistenza-del-suolo-resistant-aux-sols-calcaires","24":"pa_resistenza-del-suolo-resistant-aux-sols-secs","25":"pa_salinita-resistance-a-la-salinisation","26":"pa_utilizzo-parcs","27":"pa_utilizzo-petits-jardins","29":"first","30":"instock","31":"purchasable","32":"product-type-simple"},"acf":[],"_links":{"self":[{"href":"https:\/\/innocentiemangonipiante.it\/fr\/wp-json\/wp\/v2\/product\/12702","targetHints":{"allow":["GET"]}}],"collection":[{"href":"https:\/\/innocentiemangonipiante.it\/fr\/wp-json\/wp\/v2\/product"}],"about":[{"href":"https:\/\/innocentiemangonipiante.it\/fr\/wp-json\/wp\/v2\/types\/product"}],"wp:featuredmedia":[{"embeddable":true,"href":"https:\/\/innocentiemangonipiante.it\/fr\/wp-json\/wp\/v2\/media\/2312"}],"wp:attachment":[{"href":"https:\/\/innocentiemangonipiante.it\/fr\/wp-json\/wp\/v2\/media?parent=12702"}],"wp:term":[{"taxonomy":"product_brand","embeddable":true,"href":"https:\/\/innocentiemangonipiante.it\/fr\/wp-json\/wp\/v2\/product_brand?post=12702"},{"taxonomy":"product_cat","embeddable":true,"href":"https:\/\/innocentiemangonipiante.it\/fr\/wp-json\/wp\/v2\/product_cat?post=12702"},{"taxonomy":"product_tag","embeddable":true,"href":"https:\/\/innocentiemangonipiante.it\/fr\/wp-json\/wp\/v2\/product_tag?post=12702"}],"curies":[{"name":"wp","href":"https:\/\/api.w.org\/{rel}","templated":true}]}}