{"id":12703,"date":"2023-11-04T00:44:02","date_gmt":"2023-11-03T23:44:02","guid":{"rendered":"http:\/\/innocentiemangonipiante.it\/elaeagnus-x-ebbingei-viveleg\/"},"modified":"2023-11-06T14:36:46","modified_gmt":"2023-11-06T13:36:46","slug":"elaeagnus-x-ebbingei-viveleg","status":"publish","type":"product","link":"https:\/\/innocentiemangonipiante.it\/fr\/elaeagnus-x-ebbingei-viveleg\/","title":{"rendered":"ELAEAGNUS x ebbingei &lsquo;Viveleg&rsquo; \u00ae"},"content":{"rendered":"<p>Port plus \u00e9rig\u00e9 de son esp\u00e8ce. Feuillage vert avec bords \u00e9troits de couleur jaune dor\u00e9.<\/p>\n","protected":false},"excerpt":{"rendered":"<p>Port plus \u00e9rig\u00e9 de son esp\u00e8ce. Feuillage vert avec bords \u00e9troits de couleur jaune dor\u00e9.<\/p>\n","protected":false},"featured_media":21920,"template":"","meta":{"_acf_changed":false},"product_brand":[],"product_cat":[8817],"product_tag":[10897],"class_list":{"0":"post-12703","1":"product","2":"type-product","3":"status-publish","4":"has-post-thumbnail","6":"product_cat-arbres-et-arbustes-persistants","7":"product_tag-naturelle","8":"pa_altezza-massima-300-fr-2","9":"pa_altezza-massima-400-fr","10":"pa_colore-delle-foglie-panachees","11":"pa_colore-fioritura-blanc","12":"pa_famiglia-eleagnaceae-fr","13":"pa_genere-elaeagnus-fr","14":"pa_origine-asie-orientale","15":"pa_periodo-fioritura-decembre","16":"pa_periodo-fioritura-novembre-fr","17":"pa_periodo-fioritura-octobre","18":"pa_periodo-fioritura-septembre","19":"pa_portamento-arrondi","20":"pa_profumo-intense-fr","21":"pa_resistenza-climatica-moyenne-elevee","22":"pa_resistenza-del-suolo-resistant-aux-sols-calcaires","23":"pa_resistenza-del-suolo-resistant-aux-sols-secs","24":"pa_salinita-resistance-a-la-salinisation","25":"pa_utilizzo-parcs","26":"pa_utilizzo-petits-jardins","28":"first","29":"instock","30":"purchasable","31":"product-type-simple"},"acf":[],"_links":{"self":[{"href":"https:\/\/innocentiemangonipiante.it\/fr\/wp-json\/wp\/v2\/product\/12703","targetHints":{"allow":["GET"]}}],"collection":[{"href":"https:\/\/innocentiemangonipiante.it\/fr\/wp-json\/wp\/v2\/product"}],"about":[{"href":"https:\/\/innocentiemangonipiante.it\/fr\/wp-json\/wp\/v2\/types\/product"}],"wp:featuredmedia":[{"embeddable":true,"href":"https:\/\/innocentiemangonipiante.it\/fr\/wp-json\/wp\/v2\/media\/21920"}],"wp:attachment":[{"href":"https:\/\/innocentiemangonipiante.it\/fr\/wp-json\/wp\/v2\/media?parent=12703"}],"wp:term":[{"taxonomy":"product_brand","embeddable":true,"href":"https:\/\/innocentiemangonipiante.it\/fr\/wp-json\/wp\/v2\/product_brand?post=12703"},{"taxonomy":"product_cat","embeddable":true,"href":"https:\/\/innocentiemangonipiante.it\/fr\/wp-json\/wp\/v2\/product_cat?post=12703"},{"taxonomy":"product_tag","embeddable":true,"href":"https:\/\/innocentiemangonipiante.it\/fr\/wp-json\/wp\/v2\/product_tag?post=12703"}],"curies":[{"name":"wp","href":"https:\/\/api.w.org\/{rel}","templated":true}]}}