{"id":12704,"date":"2023-11-04T00:43:53","date_gmt":"2023-11-03T23:43:53","guid":{"rendered":"http:\/\/innocentiemangonipiante.it\/elaeagnus-x-ebbingei-maryline\/"},"modified":"2023-11-06T14:36:39","modified_gmt":"2023-11-06T13:36:39","slug":"elaeagnus-x-ebbingei-maryline","status":"publish","type":"product","link":"https:\/\/innocentiemangonipiante.it\/fr\/elaeagnus-x-ebbingei-maryline\/","title":{"rendered":"ELAEAGNUS x ebbingei &lsquo;Maryline&rsquo; \u00ae"},"content":{"rendered":"<p>Arbuste \u00e0 feuillage persistant \u00e0 port \u00e9rig\u00e9 qui se distingue par ses feuilles bigarr\u00e9es : vert fonc\u00e9 au bord et jaune p\u00e2le au centre qui, au fil des mois, devient plus intense. Sa forme compacte et sa r\u00e9sistance \u00e0 la taille font de cet arbuste une excellente vari\u00e9t\u00e9 adapt\u00e9e \u00e0 tous les types de jardin.<\/p>\n","protected":false},"excerpt":{"rendered":"<p>Arbuste \u00e0 feuillage persistant \u00e0 port \u00e9rig\u00e9 qui se distingue par ses feuilles bigarr\u00e9es : vert fonc\u00e9 au bord et jaune p\u00e2le au centre qui, au fil des mois, devient plus intense. Sa forme compacte et sa r\u00e9sistance \u00e0 la taille font de cet arbuste une excellente vari\u00e9t\u00e9 adapt\u00e9e \u00e0 tous les types de jardin.<\/p>\n","protected":false},"featured_media":2343,"template":"","meta":{"_acf_changed":false},"product_brand":[],"product_cat":[8817],"product_tag":[10897,6265,6255],"class_list":{"0":"post-12704","1":"product","2":"type-product","3":"status-publish","4":"has-post-thumbnail","6":"product_cat-arbres-et-arbustes-persistants","7":"product_tag-naturelle","8":"product_tag-boule","9":"product_tag-demi-tige","10":"pa_altezza-massima-200-fr","11":"pa_altezza-massima-300-fr-2","12":"pa_colore-delle-foglie-panachees","13":"pa_colore-fioritura-blanc","14":"pa_condizionamento-clt-fr","15":"pa_condizionamento-vs-fr","16":"pa_famiglia-eleagnaceae-fr","17":"pa_genere-elaeagnus-fr","18":"pa_origine-france-fr","19":"pa_periodo-fioritura-aout","20":"pa_periodo-fioritura-juillet","21":"pa_periodo-fioritura-juin","22":"pa_portamento-arrondi","23":"pa_profumo-intense-fr","24":"pa_resistenza-climatica-moyenne-elevee","25":"pa_resistenza-del-suolo-resistant-aux-sols-calcaires","26":"pa_salinita-resistance-a-la-salinisation","27":"pa_utilizzo-petits-jardins","29":"first","30":"instock","31":"purchasable","32":"product-type-simple"},"acf":[],"_links":{"self":[{"href":"https:\/\/innocentiemangonipiante.it\/fr\/wp-json\/wp\/v2\/product\/12704","targetHints":{"allow":["GET"]}}],"collection":[{"href":"https:\/\/innocentiemangonipiante.it\/fr\/wp-json\/wp\/v2\/product"}],"about":[{"href":"https:\/\/innocentiemangonipiante.it\/fr\/wp-json\/wp\/v2\/types\/product"}],"wp:featuredmedia":[{"embeddable":true,"href":"https:\/\/innocentiemangonipiante.it\/fr\/wp-json\/wp\/v2\/media\/2343"}],"wp:attachment":[{"href":"https:\/\/innocentiemangonipiante.it\/fr\/wp-json\/wp\/v2\/media?parent=12704"}],"wp:term":[{"taxonomy":"product_brand","embeddable":true,"href":"https:\/\/innocentiemangonipiante.it\/fr\/wp-json\/wp\/v2\/product_brand?post=12704"},{"taxonomy":"product_cat","embeddable":true,"href":"https:\/\/innocentiemangonipiante.it\/fr\/wp-json\/wp\/v2\/product_cat?post=12704"},{"taxonomy":"product_tag","embeddable":true,"href":"https:\/\/innocentiemangonipiante.it\/fr\/wp-json\/wp\/v2\/product_tag?post=12704"}],"curies":[{"name":"wp","href":"https:\/\/api.w.org\/{rel}","templated":true}]}}